{"id":1456,"date":"2024-03-21T14:30:32","date_gmt":"2024-03-21T13:30:32","guid":{"rendered":"https:\/\/la-correspondance.fr\/?page_id=1456"},"modified":"2026-03-12T11:30:19","modified_gmt":"2026-03-12T10:30:19","slug":"petits-freres-des-pauvres","status":"publish","type":"page","link":"https:\/\/la-correspondance.fr\/index.php\/petits-freres-des-pauvres\/","title":{"rendered":"Petits Fr\u00e8res des Pauvres"},"content":{"rendered":"\t\t<div data-elementor-type=\"wp-page\" data-elementor-id=\"1456\" class=\"elementor elementor-1456\">\n\t\t\t\t<div class=\"elementor-element elementor-element-b67d33d e-flex e-con-boxed wpr-particle-no wpr-jarallax-no wpr-parallax-no wpr-sticky-section-no e-con e-parent\" data-id=\"b67d33d\" data-element_type=\"container\">\n\t\t\t\t\t<div class=\"e-con-inner\">\n\t\t\t\t<div class=\"elementor-element elementor-element-076863c elementor-widget elementor-widget-image\" data-id=\"076863c\" data-element_type=\"widget\" data-widget_type=\"image.default\">\n\t\t\t\t<div class=\"elementor-widget-container\">\n\t\t\t\t\t\t\t\t\t\t\t\t\t\t\t<img fetchpriority=\"high\" decoding=\"async\" width=\"2560\" height=\"1707\" src=\"https:\/\/la-correspondance.fr\/wp-content\/uploads\/2024\/03\/IMG_9311_romane_tourral_1223-scaled.jpg\" class=\"attachment-full size-full wp-image-1462\" alt=\"groupe petits fr\u00e8res des pauvres\" srcset=\"https:\/\/la-correspondance.fr\/wp-content\/uploads\/2024\/03\/IMG_9311_romane_tourral_1223-scaled.jpg 2560w, https:\/\/la-correspondance.fr\/wp-content\/uploads\/2024\/03\/IMG_9311_romane_tourral_1223-300x200.jpg 300w, https:\/\/la-correspondance.fr\/wp-content\/uploads\/2024\/03\/IMG_9311_romane_tourral_1223-1024x683.jpg 1024w, https:\/\/la-correspondance.fr\/wp-content\/uploads\/2024\/03\/IMG_9311_romane_tourral_1223-768x512.jpg 768w, https:\/\/la-correspondance.fr\/wp-content\/uploads\/2024\/03\/IMG_9311_romane_tourral_1223-1536x1024.jpg 1536w, https:\/\/la-correspondance.fr\/wp-content\/uploads\/2024\/03\/IMG_9311_romane_tourral_1223-2048x1365.jpg 2048w\" sizes=\"(max-width: 2560px) 100vw, 2560px\" \/>\t\t\t\t\t\t\t\t\t\t\t\t\t\t\t<\/div>\n\t\t\t\t<\/div>\n\t\t\t\t\t<\/div>\n\t\t\t\t<\/div>\n\t\t<div class=\"elementor-element elementor-element-7cb0d9e e-flex e-con-boxed wpr-particle-no wpr-jarallax-no wpr-parallax-no wpr-sticky-section-no e-con e-parent\" data-id=\"7cb0d9e\" data-element_type=\"container\">\n\t\t\t\t\t<div class=\"e-con-inner\">\n\t\t\t\t<div class=\"elementor-element elementor-element-05e9ae1 elementor-widget elementor-widget-text-editor\" data-id=\"05e9ae1\" data-element_type=\"widget\" data-widget_type=\"text-editor.default\">\n\t\t\t\t<div class=\"elementor-widget-container\">\n\t\t\t\t\t\t\t\t\t<p>L\u2019association des Petits Fr\u00e8res des Pauvres existe depuis 1946 en France. <\/p>\n<p>\nNotre mission est de lutter contre toutes les formes d\u2019isolement social des personnes de + de 50 ans, de les aider \u00e0 faire face \u00e0 la vuln\u00e9rabilit\u00e9 et \u00e0 recr\u00e9er du lien pour les redynamiser. <\/p>\nEn Auvergne Rh\u00f4ne-Alpes plus de 1500 b\u00e9n\u00e9voles sont engag\u00e9s dans 56 \u00e9quipes. \nIls sont mobilis\u00e9s sur plusieurs territoires : Grenoble, l\u2019agglom\u00e9ration et dans plusieurs endroits du d\u00e9partement de l\u2019Is\u00e8re. \nCette pr\u00e9sence s\u2019articule en lien avec des partenaires institutionnels et associatifs.\nEn fonction des souhaits et des besoins des personnes \u00e2g\u00e9es les b\u00e9n\u00e9voles organisent des visites \u00e0 domicile ou en h\u00e9bergement collectif, des rencontres et des sorties. \t\t\t\t\t\t\t\t<\/div>\n\t\t\t\t<\/div>\n\t\t\t\t\t<\/div>\n\t\t\t\t<\/div>\n\t\t<div class=\"elementor-element elementor-element-144af6eb e-flex e-con-boxed wpr-particle-no wpr-jarallax-no wpr-parallax-no wpr-sticky-section-no e-con e-parent\" data-id=\"144af6eb\" data-element_type=\"container\">\n\t\t\t\t\t<div class=\"e-con-inner\">\n\t\t\t\t<div class=\"elementor-element elementor-element-3ebff8e9 elementor-widget elementor-widget-text-editor\" data-id=\"3ebff8e9\" data-element_type=\"widget\" data-widget_type=\"text-editor.default\">\n\t\t\t\t<div class=\"elementor-widget-container\">\n\t\t\t\t\t\t\t\t\t<p><b>\ud83d\udccdRetrouvez les au deuxi\u00e8me \u00e9tage du b\u00e2timent A.<\/b><\/p>\t\t\t\t\t\t\t\t<\/div>\n\t\t\t\t<\/div>\n\t\t\t\t\t<\/div>\n\t\t\t\t<\/div>\n\t\t<div class=\"elementor-element elementor-element-7200069 e-flex e-con-boxed wpr-particle-no wpr-jarallax-no wpr-parallax-no wpr-sticky-section-no e-con e-parent\" data-id=\"7200069\" data-element_type=\"container\">\n\t\t\t\t\t<div class=\"e-con-inner\">\n\t\t<div class=\"elementor-element elementor-element-6f0310f e-con-full e-flex wpr-particle-no wpr-jarallax-no wpr-parallax-no wpr-sticky-section-no e-con e-child\" data-id=\"6f0310f\" data-element_type=\"container\">\n\t\t\t\t<div class=\"elementor-element elementor-element-cf0a150 elementor-widget elementor-widget-text-editor\" data-id=\"cf0a150\" data-element_type=\"widget\" data-widget_type=\"text-editor.default\">\n\t\t\t\t<div class=\"elementor-widget-container\">\n\t\t\t\t\t\t\t\t\t<p>\ud83d\udcde&nbsp;01 49 23 13 00<\/p>\t\t\t\t\t\t\t\t<\/div>\n\t\t\t\t<\/div>\n\t\t\t\t<\/div>\n\t\t<div class=\"elementor-element elementor-element-0db7217 e-con-full e-flex wpr-particle-no wpr-jarallax-no wpr-parallax-no wpr-sticky-section-no e-con e-child\" data-id=\"0db7217\" data-element_type=\"container\">\n\t\t\t\t<div class=\"elementor-element elementor-element-d03b2cd elementor-widget__width-initial elementor-widget elementor-widget-text-editor\" data-id=\"d03b2cd\" data-element_type=\"widget\" data-widget_type=\"text-editor.default\">\n\t\t\t\t<div class=\"elementor-widget-container\">\n\t\t\t\t\t\t\t\t\t<a href=mailto:grenoble@petitsfreresdespauvres.fr>\ud83d\udce7mail<\/a>\n\t\t\t\t\t\t\t\t<\/div>\n\t\t\t\t<\/div>\n\t\t\t\t<\/div>\n\t\t<div class=\"elementor-element elementor-element-62bd5ff e-con-full e-flex wpr-particle-no wpr-jarallax-no wpr-parallax-no wpr-sticky-section-no e-con e-child\" data-id=\"62bd5ff\" data-element_type=\"container\">\n\t\t\t\t<div class=\"elementor-element elementor-element-2617ae0 elementor-mobile-align-center elementor-widget elementor-widget-button\" data-id=\"2617ae0\" data-element_type=\"widget\" data-widget_type=\"button.default\">\n\t\t\t\t<div class=\"elementor-widget-container\">\n\t\t\t\t\t\t\t\t\t<div class=\"elementor-button-wrapper\">\n\t\t\t\t\t<a class=\"elementor-button elementor-button-link elementor-size-sm\" href=\"https:\/\/www.petitsfreresdespauvres.fr\/\" target=\"_blank\">\n\t\t\t\t\t\t<span class=\"elementor-button-content-wrapper\">\n\t\t\t\t\t\t\t\t\t<span class=\"elementor-button-text\">site internet<\/span>\n\t\t\t\t\t<\/span>\n\t\t\t\t\t<\/a>\n\t\t\t\t<\/div>\n\t\t\t\t\t\t\t\t<\/div>\n\t\t\t\t<\/div>\n\t\t\t\t<\/div>\n\t\t<div class=\"elementor-element elementor-element-674019e e-con-full e-flex wpr-particle-no wpr-jarallax-no wpr-parallax-no wpr-sticky-section-no e-con e-child\" data-id=\"674019e\" data-element_type=\"container\">\n\t\t\t\t<div class=\"elementor-element elementor-element-1c2287f9 elementor-hidden-mobile eael_simple_menu_hamburger_disable_selected_menu_no eael-simple-menu-hamburger-align-right eael-hamburger--tablet elementor-widget elementor-widget-eael-simple-menu\" data-id=\"1c2287f9\" data-element_type=\"widget\" data-widget_type=\"eael-simple-menu.default\">\n\t\t\t\t<div class=\"elementor-widget-container\">\n\t\t\t\t\t<style>\n                        @media screen and (max-width: 1024px) {\n                            .eael-hamburger--tablet {\n                                .eael-simple-menu-horizontal,\n                                .eael-simple-menu-vertical {\n                                    display: none;\n                                }\n                            }\n                            .eael-hamburger--tablet {\n                                .eael-simple-menu-container .eael-simple-menu-toggle {\n                                    display: block;\n                                }\n                            }\n                        }\n                    <\/style>            <div data-hamburger-icon=\"&lt;svg aria-hidden=&quot;true&quot; class=&quot;e-font-icon-svg e-fas-bars&quot; viewBox=&quot;0 0 448 512&quot; xmlns=&quot;http:\/\/www.w3.org\/2000\/svg&quot;&gt;&lt;path d=&quot;M16 132h416c8.837 0 16-7.163 16-16V76c0-8.837-7.163-16-16-16H16C7.163 60 0 67.163 0 76v40c0 8.837 7.163 16 16 16zm0 160h416c8.837 0 16-7.163 16-16v-40c0-8.837-7.163-16-16-16H16c-8.837 0-16 7.163-16 16v40c0 8.837 7.163 16 16 16zm0 160h416c8.837 0 16-7.163 16-16v-40c0-8.837-7.163-16-16-16H16c-8.837 0-16 7.163-16 16v40c0 8.837 7.163 16 16 16z&quot;&gt;&lt;\/path&gt;&lt;\/svg&gt;\" data-indicator-icon=\"&lt;svg aria-hidden=&quot;true&quot; class=&quot;e-font-icon-svg e-fas-angle-down&quot; viewBox=&quot;0 0 320 512&quot; xmlns=&quot;http:\/\/www.w3.org\/2000\/svg&quot;&gt;&lt;path d=&quot;M143 352.3L7 216.3c-9.4-9.4-9.4-24.6 0-33.9l22.6-22.6c9.4-9.4 24.6-9.4 33.9 0l96.4 96.4 96.4-96.4c9.4-9.4 24.6-9.4 33.9 0l22.6 22.6c9.4 9.4 9.4 24.6 0 33.9l-136 136c-9.2 9.4-24.4 9.4-33.8 0z&quot;&gt;&lt;\/path&gt;&lt;\/svg&gt;\" data-dropdown-indicator-icon=\"&lt;svg class=&quot;e-font-icon-svg e-fas-angle-down&quot; viewBox=&quot;0 0 320 512&quot; xmlns=&quot;http:\/\/www.w3.org\/2000\/svg&quot;&gt;&lt;path d=&quot;M143 352.3L7 216.3c-9.4-9.4-9.4-24.6 0-33.9l22.6-22.6c9.4-9.4 24.6-9.4 33.9 0l96.4 96.4 96.4-96.4c9.4-9.4 24.6-9.4 33.9 0l22.6 22.6c9.4 9.4 9.4 24.6 0 33.9l-136 136c-9.2 9.4-24.4 9.4-33.8 0z&quot;&gt;&lt;\/path&gt;&lt;\/svg&gt;\" class=\"eael-simple-menu-container eael-simple-menu-align-left eael-simple-menu-dropdown-align-left preset-1\" data-hamburger-breakpoints=\"{&quot;mobile&quot;:&quot;Mobile Portrait (&gt; 767px)&quot;,&quot;tablet&quot;:&quot;Tablet Portrait (&gt; 1024px)&quot;,&quot;desktop&quot;:&quot;Desktop (&gt; 2400px)&quot;,&quot;none&quot;:&quot;None&quot;}\" data-hamburger-device=\"tablet\">\n                <ul id=\"menu-les-residents\" class=\"eael-simple-menu eael-simple-menu-dropdown-animate-to-top eael-simple-menu-indicator eael-simple-menu-vertical\"><li id=\"menu-item-556\" class=\"menu-item menu-item-type-post_type menu-item-object-page menu-item-has-children menu-item-556\"><a href=\"https:\/\/la-correspondance.fr\/index.php\/les-residents\/\">Les r\u00e9sident.es<\/a>\n<ul class=\"sub-menu\">\n\t<li id=\"menu-item-551\" class=\"menu-item menu-item-type-taxonomy menu-item-object-category menu-item-has-children menu-item-551\"><a href=\"https:\/\/la-correspondance.fr\/index.php\/category\/presentation-des-residents\/culture-et-art\/\">Culture et Art<\/a>\n\t<ul class=\"sub-menu\">\n\t\t<li id=\"menu-item-914\" class=\"menu-item menu-item-type-post_type menu-item-object-page menu-item-914\"><a href=\"https:\/\/la-correspondance.fr\/index.php\/collectif-cnous\/\">Collectif C\u2019Nous<\/a><\/li>\n\t\t<li id=\"menu-item-555\" class=\"menu-item menu-item-type-post_type menu-item-object-page menu-item-555\"><a href=\"https:\/\/la-correspondance.fr\/index.php\/cie-craque-ta-coquille\/\">Cie CTC<\/a><\/li>\n\t\t<li id=\"menu-item-1580\" class=\"menu-item menu-item-type-post_type menu-item-object-page menu-item-1580\"><a href=\"https:\/\/la-correspondance.fr\/index.php\/cie-institout\/\">Cie Institout<\/a><\/li>\n\t\t<li id=\"menu-item-1963\" class=\"menu-item menu-item-type-post_type menu-item-object-page menu-item-1963\"><a href=\"https:\/\/la-correspondance.fr\/index.php\/jadanah\/\">Jadanah<\/a><\/li>\n\t\t<li id=\"menu-item-1582\" class=\"menu-item menu-item-type-post_type menu-item-object-page menu-item-1582\"><a href=\"https:\/\/la-correspondance.fr\/index.php\/el-sombra-del-arte\/\">El Sombra del Arte<\/a><\/li>\n\t\t<li id=\"menu-item-547\" class=\"menu-item menu-item-type-post_type menu-item-object-page menu-item-547\"><a href=\"https:\/\/la-correspondance.fr\/index.php\/comptoirdesarts\/\">Le Comptoir des Arts<\/a><\/li>\n\t\t<li id=\"menu-item-913\" class=\"menu-item menu-item-type-post_type menu-item-object-page menu-item-913\"><a href=\"https:\/\/la-correspondance.fr\/index.php\/mixarts-2\/\">Mix\u2019Arts<\/a><\/li>\n\t\t<li id=\"menu-item-912\" class=\"menu-item menu-item-type-post_type menu-item-object-page menu-item-912\"><a href=\"https:\/\/la-correspondance.fr\/index.php\/retour-de-scene\/\">Retour de Sc\u00e8ne<\/a><\/li>\n\t<\/ul>\n<\/li>\n\t<li id=\"menu-item-553\" class=\"menu-item menu-item-type-taxonomy menu-item-object-category menu-item-has-children menu-item-553\"><a href=\"https:\/\/la-correspondance.fr\/index.php\/category\/presentation-des-residents\/lien-social\/\">Lien Social et Transition Ecologique<\/a>\n\t<ul class=\"sub-menu\">\n\t\t<li id=\"menu-item-548\" class=\"menu-item menu-item-type-post_type menu-item-object-page menu-item-548\"><a href=\"https:\/\/la-correspondance.fr\/index.php\/cimme\/\">CIMME<\/a><\/li>\n\t\t<li id=\"menu-item-1043\" class=\"menu-item menu-item-type-post_type menu-item-object-page menu-item-1043\"><a href=\"https:\/\/la-correspondance.fr\/index.php\/gaia-grenoble-alpes-initiative-active\/\">GA\u00cfA (Grenoble Alpes Initiative Active)<\/a><\/li>\n\t\t<li id=\"menu-item-1042\" class=\"menu-item menu-item-type-post_type menu-item-object-page menu-item-1042\"><a href=\"https:\/\/la-correspondance.fr\/index.php\/la-madre-apmag\/\">La Madre<\/a><\/li>\n\t\t<li id=\"menu-item-1485\" class=\"menu-item menu-item-type-post_type menu-item-object-page menu-item-1485\"><a href=\"https:\/\/la-correspondance.fr\/index.php\/petits-freres-des-pauvres\/\">Petits Fr\u00e8res des Pauvres<\/a><\/li>\n\t\t<li id=\"menu-item-1040\" class=\"menu-item menu-item-type-post_type menu-item-object-page menu-item-1040\"><a href=\"https:\/\/la-correspondance.fr\/index.php\/sicklo-2\/\">Sicklo<\/a><\/li>\n\t\t<li id=\"menu-item-546\" class=\"menu-item menu-item-type-post_type menu-item-object-page menu-item-546\"><a href=\"https:\/\/la-correspondance.fr\/index.php\/weavers\/\">Weavers<\/a><\/li>\n\t<\/ul>\n<\/li>\n\t<li id=\"menu-item-554\" class=\"menu-item menu-item-type-taxonomy menu-item-object-category menu-item-has-children menu-item-554\"><a href=\"https:\/\/la-correspondance.fr\/index.php\/category\/presentation-des-residents\/sport-et-sante\/\">Sport et Sant\u00e9<\/a>\n\t<ul class=\"sub-menu\">\n\t\t<li id=\"menu-item-911\" class=\"menu-item menu-item-type-post_type menu-item-object-page menu-item-911\"><a href=\"https:\/\/la-correspondance.fr\/index.php\/big-bang-ballers-2\/\">Big Bang Ballers<\/a><\/li>\n\t<\/ul>\n<\/li>\n\t<li id=\"menu-item-552\" class=\"menu-item menu-item-type-taxonomy menu-item-object-category menu-item-has-children menu-item-552\"><a href=\"https:\/\/la-correspondance.fr\/index.php\/category\/presentation-des-residents\/food\/\">Boire et Manger<\/a>\n\t<ul class=\"sub-menu\">\n\t\t<li id=\"menu-item-743\" class=\"menu-item menu-item-type-post_type menu-item-object-page menu-item-743\"><a href=\"https:\/\/la-correspondance.fr\/index.php\/aubonsensdesmets\/\">Au Bon Sens des Mets<\/a><\/li>\n\t\t<li id=\"menu-item-1039\" class=\"menu-item menu-item-type-post_type menu-item-object-page menu-item-1039\"><a href=\"https:\/\/la-correspondance.fr\/index.php\/lelefan\/\">L\u2019\u00c9l\u00e9f\u00e0n<\/a><\/li>\n\t\t<li id=\"menu-item-1038\" class=\"menu-item menu-item-type-post_type menu-item-object-page menu-item-1038\"><a href=\"https:\/\/la-correspondance.fr\/index.php\/le-bivouak-cafe\/\">Le Bivouak Caf\u00e9<\/a><\/li>\n\t<\/ul>\n<\/li>\n<\/ul>\n<\/li>\n<\/ul>                <button class=\"eael-simple-menu-toggle\">\n                    <span class=\"sr-only \">Hamburger Toggle Menu<\/span>\n                    <svg aria-hidden=\"true\" class=\"e-font-icon-svg e-fas-bars\" viewBox=\"0 0 448 512\" xmlns=\"http:\/\/www.w3.org\/2000\/svg\"><path d=\"M16 132h416c8.837 0 16-7.163 16-16V76c0-8.837-7.163-16-16-16H16C7.163 60 0 67.163 0 76v40c0 8.837 7.163 16 16 16zm0 160h416c8.837 0 16-7.163 16-16v-40c0-8.837-7.163-16-16-16H16c-8.837 0-16 7.163-16 16v40c0 8.837 7.163 16 16 16zm0 160h416c8.837 0 16-7.163 16-16v-40c0-8.837-7.163-16-16-16H16c-8.837 0-16 7.163-16 16v40c0 8.837 7.163 16 16 16z\"><\/path><\/svg>                <\/button>\n            <\/div>\n            \t\t\t\t<\/div>\n\t\t\t\t<\/div>\n\t\t\t\t<\/div>\n\t\t\t\t\t<\/div>\n\t\t\t\t<\/div>\n\t\t\t\t<\/div>\n\t\t","protected":false},"excerpt":{"rendered":"<p>L\u2019association des Petits Fr\u00e8res des Pauvres existe depuis 1946 en France. Notre mission est de lutter contre toutes les formes d\u2019isolement social des personnes de + de 50 ans, de les aider \u00e0 faire face \u00e0 la vuln\u00e9rabilit\u00e9 et \u00e0 recr\u00e9er du lien pour les redynamiser. En Auvergne Rh\u00f4ne-Alpes plus de 1500 b\u00e9n\u00e9voles sont engag\u00e9s dans 56 \u00e9quipes. Ils sont mobilis\u00e9s sur plusieurs territoires : Grenoble, l\u2019agglom\u00e9ration et dans plusieurs endroits du d\u00e9partement de l\u2019Is\u00e8re. Cette pr\u00e9sence s\u2019articule en lien avec des partenaires institutionnels et associatifs. En fonction des souhaits et des besoins des personnes \u00e2g\u00e9es les b\u00e9n\u00e9voles organisent des visites \u00e0 domicile ou en h\u00e9bergement collectif, des rencontres et des sorties. \ud83d\udccdRetrouvez les au deuxi\u00e8me \u00e9tage du b\u00e2timent A. \ud83d\udcde&nbsp;01 49 23 13 00 \ud83d\udce7mail site internet Les r\u00e9sidents Culture et Art Collectif CNous Cie CTC Le Comptoir des Arts Mix\u2019Arts Retour de Sc\u00e8ne Vilain Lien Social et Transition Ecologique CIMME Eole GA\u00cfA (Grenoble Alpes Initiative Active) La Madre Quiz de l\u2019Anthropoc\u00e8ne Sicklo Weavers Sport et Sant\u00e9 Big Bang Ballers La Plage de Grenoble \/ AD2S Boire et Manger Au Bon Sens des Mets L\u2019\u00c9l\u00e9f\u00e0n La Crique Sud<\/p>\n","protected":false},"author":1,"featured_media":0,"parent":0,"menu_order":0,"comment_status":"closed","ping_status":"closed","template":"","meta":{"_eb_attr":"","footnotes":""},"class_list":["post-1456","page","type-page","status-publish","hentry"],"blocksy_meta":[],"_links":{"self":[{"href":"https:\/\/la-correspondance.fr\/index.php\/wp-json\/wp\/v2\/pages\/1456","targetHints":{"allow":["GET"]}}],"collection":[{"href":"https:\/\/la-correspondance.fr\/index.php\/wp-json\/wp\/v2\/pages"}],"about":[{"href":"https:\/\/la-correspondance.fr\/index.php\/wp-json\/wp\/v2\/types\/page"}],"author":[{"embeddable":true,"href":"https:\/\/la-correspondance.fr\/index.php\/wp-json\/wp\/v2\/users\/1"}],"replies":[{"embeddable":true,"href":"https:\/\/la-correspondance.fr\/index.php\/wp-json\/wp\/v2\/comments?post=1456"}],"version-history":[{"count":17,"href":"https:\/\/la-correspondance.fr\/index.php\/wp-json\/wp\/v2\/pages\/1456\/revisions"}],"predecessor-version":[{"id":2502,"href":"https:\/\/la-correspondance.fr\/index.php\/wp-json\/wp\/v2\/pages\/1456\/revisions\/2502"}],"wp:attachment":[{"href":"https:\/\/la-correspondance.fr\/index.php\/wp-json\/wp\/v2\/media?parent=1456"}],"curies":[{"name":"wp","href":"https:\/\/api.w.org\/{rel}","templated":true}]}}