{"id":352,"date":"2024-01-22T16:47:56","date_gmt":"2024-01-22T15:47:56","guid":{"rendered":"https:\/\/la-correspondance.fr\/?page_id=352"},"modified":"2024-02-22T11:12:45","modified_gmt":"2024-02-22T10:12:45","slug":"cimme","status":"publish","type":"page","link":"https:\/\/la-correspondance.fr\/index.php\/cimme\/","title":{"rendered":"CIMME"},"content":{"rendered":"\t\t<div data-elementor-type=\"wp-page\" data-elementor-id=\"352\" class=\"elementor elementor-352\">\n\t\t\t\t<div class=\"elementor-element elementor-element-d81427a e-flex e-con-boxed wpr-particle-no wpr-jarallax-no wpr-parallax-no wpr-sticky-section-no e-con e-parent\" data-id=\"d81427a\" data-element_type=\"container\">\n\t\t\t\t\t<div class=\"e-con-inner\">\n\t\t\t\t<div class=\"elementor-element elementor-element-2e7a552 elementor-widget elementor-widget-image\" data-id=\"2e7a552\" data-element_type=\"widget\" data-widget_type=\"image.default\">\n\t\t\t\t<div class=\"elementor-widget-container\">\n\t\t\t\t\t\t\t\t\t\t\t\t\t\t\t<img fetchpriority=\"high\" decoding=\"async\" width=\"1600\" height=\"1200\" src=\"https:\/\/la-correspondance.fr\/wp-content\/uploads\/2024\/01\/WhatsApp-Image-2024-01-11-at-15.41.14.jpeg\" class=\"attachment-full size-full wp-image-220\" alt=\"Association CIMME\" srcset=\"https:\/\/la-correspondance.fr\/wp-content\/uploads\/2024\/01\/WhatsApp-Image-2024-01-11-at-15.41.14.jpeg 1600w, https:\/\/la-correspondance.fr\/wp-content\/uploads\/2024\/01\/WhatsApp-Image-2024-01-11-at-15.41.14-300x225.jpeg 300w, https:\/\/la-correspondance.fr\/wp-content\/uploads\/2024\/01\/WhatsApp-Image-2024-01-11-at-15.41.14-1024x768.jpeg 1024w, https:\/\/la-correspondance.fr\/wp-content\/uploads\/2024\/01\/WhatsApp-Image-2024-01-11-at-15.41.14-768x576.jpeg 768w, https:\/\/la-correspondance.fr\/wp-content\/uploads\/2024\/01\/WhatsApp-Image-2024-01-11-at-15.41.14-1536x1152.jpeg 1536w\" sizes=\"(max-width: 1600px) 100vw, 1600px\" \/>\t\t\t\t\t\t\t\t\t\t\t\t\t\t\t<\/div>\n\t\t\t\t<\/div>\n\t\t\t\t\t<\/div>\n\t\t\t\t<\/div>\n\t\t<div class=\"elementor-element elementor-element-5c38482 e-flex e-con-boxed wpr-particle-no wpr-jarallax-no wpr-parallax-no wpr-sticky-section-no e-con e-parent\" data-id=\"5c38482\" data-element_type=\"container\">\n\t\t\t\t\t<div class=\"e-con-inner\">\n\t\t\t\t<div class=\"elementor-element elementor-element-9120e97 elementor-widget elementor-widget-text-editor\" data-id=\"9120e97\" data-element_type=\"widget\" data-widget_type=\"text-editor.default\">\n\t\t\t\t<div class=\"elementor-widget-container\">\n\t\t\t\t\t\t\t\t\t<p><span style=\"font-weight: 400;\">Le CIMME porte une \u00c9cole de la Transition \u00c9cologique (ETRE), il propose diff\u00e9rents formats pour permettre \u00e0 des jeunes en insertion de se former \u00e0 diff\u00e9rents m\u00e9tiers de la transition \u00e9cologique (fili\u00e8re agricole et alimentation durable, \u00e9nergies renouvelables, \u00e9co-construction &amp; tourisme et protection de la montagne). Pour cela, il propose :\n<li>Des ateliers d\u2019initiation aux m\u00e9tiers de la transition \u00e9cologique\u200d<\/li>\n<li>Des sessions de d\u00e9couverte des m\u00e9tiers\u200d<\/li>\n<li>Des sessions de pr\u00e9-qualification pour se former puis int\u00e9grer une formation qualifiante ou un emploi durable dans un m\u00e9tier de la transition<\/li><\/p>\n\n<p>Par des rencontres r\u00e9guli\u00e8res et th\u00e9matiques, le CIMME souhaite \u00e9galement f\u00e9d\u00e9rer un r\u00e9seau d\u2019acteurs professionnels engag\u00e9s au service de la transition \u00e9cologique en territoire de montagne.<\/p>\n\t\t\t\t\t\t\t\t<\/div>\n\t\t\t\t<\/div>\n\t\t\t\t\t<\/div>\n\t\t\t\t<\/div>\n\t\t<div class=\"elementor-element elementor-element-36769efe e-flex e-con-boxed wpr-particle-no wpr-jarallax-no wpr-parallax-no wpr-sticky-section-no e-con e-parent\" data-id=\"36769efe\" data-element_type=\"container\">\n\t\t\t\t\t<div class=\"e-con-inner\">\n\t\t\t\t<div class=\"elementor-element elementor-element-6227f076 elementor-widget elementor-widget-text-editor\" data-id=\"6227f076\" data-element_type=\"widget\" data-widget_type=\"text-editor.default\">\n\t\t\t\t<div class=\"elementor-widget-container\">\n\t\t\t\t\t\t\t\t\t<p><b>\ud83d\udccdRetrouvez les au premier \u00e9tage du b\u00e2timent A.<\/b><\/p>\t\t\t\t\t\t\t\t<\/div>\n\t\t\t\t<\/div>\n\t\t\t\t\t<\/div>\n\t\t\t\t<\/div>\n\t\t<div class=\"elementor-element elementor-element-c90c077 e-flex e-con-boxed wpr-particle-no wpr-jarallax-no wpr-parallax-no wpr-sticky-section-no e-con e-parent\" data-id=\"c90c077\" data-element_type=\"container\">\n\t\t\t\t\t<div class=\"e-con-inner\">\n\t\t\t\t<div class=\"elementor-element elementor-element-ecfb436 elementor-widget elementor-widget-video\" data-id=\"ecfb436\" data-element_type=\"widget\" data-settings=\"{&quot;video_type&quot;:&quot;hosted&quot;,&quot;controls&quot;:&quot;yes&quot;}\" data-widget_type=\"video.default\">\n\t\t\t\t<div class=\"elementor-widget-container\">\n\t\t\t\t\t\t\t<div class=\"e-hosted-video elementor-wrapper elementor-open-inline\">\n\t\t\t\t\t<video class=\"elementor-video\" src=\"http:\/\/la-correspondance.fr\/wp-content\/uploads\/2024\/02\/Inauguration-CIMME-format-internet.mp4\" controls=\"\" preload=\"metadata\" controlsList=\"nodownload\"><\/video>\n\t\t\t\t<\/div>\n\t\t\t\t\t\t<\/div>\n\t\t\t\t<\/div>\n\t\t\t\t\t<\/div>\n\t\t\t\t<\/div>\n\t\t<div class=\"elementor-element elementor-element-4948726 e-con-full e-flex wpr-particle-no wpr-jarallax-no wpr-parallax-no wpr-sticky-section-no e-con e-parent\" data-id=\"4948726\" data-element_type=\"container\">\n\t\t<div class=\"elementor-element elementor-element-d0162ee e-con-full e-flex wpr-particle-no wpr-jarallax-no wpr-parallax-no wpr-sticky-section-no e-con e-child\" data-id=\"d0162ee\" data-element_type=\"container\">\n\t\t\t\t<div class=\"elementor-element elementor-element-19528a4 elementor-mobile-align-center elementor-widget elementor-widget-button\" data-id=\"19528a4\" data-element_type=\"widget\" data-widget_type=\"button.default\">\n\t\t\t\t<div class=\"elementor-widget-container\">\n\t\t\t\t\t\t\t\t\t<div class=\"elementor-button-wrapper\">\n\t\t\t\t\t<a class=\"elementor-button elementor-button-link elementor-size-sm\" href=\"https:\/\/cimme.webflow.io\/\" target=\"_blank\">\n\t\t\t\t\t\t<span class=\"elementor-button-content-wrapper\">\n\t\t\t\t\t\t\t\t\t<span class=\"elementor-button-text\">site internet<\/span>\n\t\t\t\t\t<\/span>\n\t\t\t\t\t<\/a>\n\t\t\t\t<\/div>\n\t\t\t\t\t\t\t\t<\/div>\n\t\t\t\t<\/div>\n\t\t\t\t<\/div>\n\t\t<div class=\"elementor-element elementor-element-94cd381 e-con-full e-flex wpr-particle-no wpr-jarallax-no wpr-parallax-no wpr-sticky-section-no e-con e-child\" data-id=\"94cd381\" data-element_type=\"container\">\n\t\t\t\t<div class=\"elementor-element elementor-element-14f9481 elementor-shape-circle elementor-grid-0 e-grid-align-center elementor-widget elementor-widget-social-icons\" data-id=\"14f9481\" data-element_type=\"widget\" data-widget_type=\"social-icons.default\">\n\t\t\t\t<div class=\"elementor-widget-container\">\n\t\t\t\t\t\t\t<div class=\"elementor-social-icons-wrapper elementor-grid\">\n\t\t\t\t\t\t\t<span class=\"elementor-grid-item\">\n\t\t\t\t\t<a class=\"elementor-icon elementor-social-icon elementor-social-icon-facebook elementor-repeater-item-e0dcd83\" href=\"https:\/\/www.facebook.com\/profile.php?id=100090178854543\" target=\"_blank\">\n\t\t\t\t\t\t<span class=\"elementor-screen-only\">Facebook<\/span>\n\t\t\t\t\t\t<svg class=\"e-font-icon-svg e-fab-facebook\" viewBox=\"0 0 512 512\" xmlns=\"http:\/\/www.w3.org\/2000\/svg\"><path d=\"M504 256C504 119 393 8 256 8S8 119 8 256c0 123.78 90.69 226.38 209.25 245V327.69h-63V256h63v-54.64c0-62.15 37-96.48 93.67-96.48 27.14 0 55.52 4.84 55.52 4.84v61h-31.28c-30.8 0-40.41 19.12-40.41 38.73V256h68.78l-11 71.69h-57.78V501C413.31 482.38 504 379.78 504 256z\"><\/path><\/svg>\t\t\t\t\t<\/a>\n\t\t\t\t<\/span>\n\t\t\t\t\t\t\t<span class=\"elementor-grid-item\">\n\t\t\t\t\t<a class=\"elementor-icon elementor-social-icon elementor-social-icon-instagram elementor-repeater-item-97cb33d\" href=\"https:\/\/www.instagram.com\/cimme_38\" target=\"_blank\">\n\t\t\t\t\t\t<span class=\"elementor-screen-only\">Instagram<\/span>\n\t\t\t\t\t\t<svg class=\"e-font-icon-svg e-fab-instagram\" viewBox=\"0 0 448 512\" xmlns=\"http:\/\/www.w3.org\/2000\/svg\"><path d=\"M224.1 141c-63.6 0-114.9 51.3-114.9 114.9s51.3 114.9 114.9 114.9S339 319.5 339 255.9 287.7 141 224.1 141zm0 189.6c-41.1 0-74.7-33.5-74.7-74.7s33.5-74.7 74.7-74.7 74.7 33.5 74.7 74.7-33.6 74.7-74.7 74.7zm146.4-194.3c0 14.9-12 26.8-26.8 26.8-14.9 0-26.8-12-26.8-26.8s12-26.8 26.8-26.8 26.8 12 26.8 26.8zm76.1 27.2c-1.7-35.9-9.9-67.7-36.2-93.9-26.2-26.2-58-34.4-93.9-36.2-37-2.1-147.9-2.1-184.9 0-35.8 1.7-67.6 9.9-93.9 36.1s-34.4 58-36.2 93.9c-2.1 37-2.1 147.9 0 184.9 1.7 35.9 9.9 67.7 36.2 93.9s58 34.4 93.9 36.2c37 2.1 147.9 2.1 184.9 0 35.9-1.7 67.7-9.9 93.9-36.2 26.2-26.2 34.4-58 36.2-93.9 2.1-37 2.1-147.8 0-184.8zM398.8 388c-7.8 19.6-22.9 34.7-42.6 42.6-29.5 11.7-99.5 9-132.1 9s-102.7 2.6-132.1-9c-19.6-7.8-34.7-22.9-42.6-42.6-11.7-29.5-9-99.5-9-132.1s-2.6-102.7 9-132.1c7.8-19.6 22.9-34.7 42.6-42.6 29.5-11.7 99.5-9 132.1-9s102.7-2.6 132.1 9c19.6 7.8 34.7 22.9 42.6 42.6 11.7 29.5 9 99.5 9 132.1s2.7 102.7-9 132.1z\"><\/path><\/svg>\t\t\t\t\t<\/a>\n\t\t\t\t<\/span>\n\t\t\t\t\t<\/div>\n\t\t\t\t\t\t<\/div>\n\t\t\t\t<\/div>\n\t\t\t\t<\/div>\n\t\t<div class=\"elementor-element elementor-element-2695df4 e-con-full e-flex wpr-particle-no wpr-jarallax-no wpr-parallax-no wpr-sticky-section-no e-con e-child\" data-id=\"2695df4\" data-element_type=\"container\">\n\t\t\t\t<div class=\"elementor-element elementor-element-14e2834 eael-simple-menu-hamburger-align-center elementor-hidden-mobile eael_simple_menu_hamburger_disable_selected_menu_no eael-hamburger--tablet elementor-widget elementor-widget-eael-simple-menu\" data-id=\"14e2834\" data-element_type=\"widget\" data-widget_type=\"eael-simple-menu.default\">\n\t\t\t\t<div class=\"elementor-widget-container\">\n\t\t\t\t\t<style>\n                        @media screen and (max-width: 1024px) {\n                            .eael-hamburger--tablet {\n                                .eael-simple-menu-horizontal,\n                                .eael-simple-menu-vertical {\n                                    display: none;\n                                }\n                            }\n                            .eael-hamburger--tablet {\n                                .eael-simple-menu-container .eael-simple-menu-toggle {\n                                    display: block;\n                                }\n                            }\n                        }\n                    <\/style>            <div data-hamburger-icon=\"&lt;svg aria-hidden=&quot;true&quot; class=&quot;e-font-icon-svg e-fas-bars&quot; viewBox=&quot;0 0 448 512&quot; xmlns=&quot;http:\/\/www.w3.org\/2000\/svg&quot;&gt;&lt;path d=&quot;M16 132h416c8.837 0 16-7.163 16-16V76c0-8.837-7.163-16-16-16H16C7.163 60 0 67.163 0 76v40c0 8.837 7.163 16 16 16zm0 160h416c8.837 0 16-7.163 16-16v-40c0-8.837-7.163-16-16-16H16c-8.837 0-16 7.163-16 16v40c0 8.837 7.163 16 16 16zm0 160h416c8.837 0 16-7.163 16-16v-40c0-8.837-7.163-16-16-16H16c-8.837 0-16 7.163-16 16v40c0 8.837 7.163 16 16 16z&quot;&gt;&lt;\/path&gt;&lt;\/svg&gt;\" data-indicator-icon=\"&lt;svg aria-hidden=&quot;true&quot; class=&quot;e-font-icon-svg e-fas-angle-down&quot; viewBox=&quot;0 0 320 512&quot; xmlns=&quot;http:\/\/www.w3.org\/2000\/svg&quot;&gt;&lt;path d=&quot;M143 352.3L7 216.3c-9.4-9.4-9.4-24.6 0-33.9l22.6-22.6c9.4-9.4 24.6-9.4 33.9 0l96.4 96.4 96.4-96.4c9.4-9.4 24.6-9.4 33.9 0l22.6 22.6c9.4 9.4 9.4 24.6 0 33.9l-136 136c-9.2 9.4-24.4 9.4-33.8 0z&quot;&gt;&lt;\/path&gt;&lt;\/svg&gt;\" data-dropdown-indicator-icon=\"&lt;svg class=&quot;e-font-icon-svg e-fas-angle-down&quot; viewBox=&quot;0 0 320 512&quot; xmlns=&quot;http:\/\/www.w3.org\/2000\/svg&quot;&gt;&lt;path d=&quot;M143 352.3L7 216.3c-9.4-9.4-9.4-24.6 0-33.9l22.6-22.6c9.4-9.4 24.6-9.4 33.9 0l96.4 96.4 96.4-96.4c9.4-9.4 24.6-9.4 33.9 0l22.6 22.6c9.4 9.4 9.4 24.6 0 33.9l-136 136c-9.2 9.4-24.4 9.4-33.8 0z&quot;&gt;&lt;\/path&gt;&lt;\/svg&gt;\" class=\"eael-simple-menu-container eael-simple-menu-align-left eael-simple-menu-dropdown-align-left preset-1\" data-hamburger-breakpoints=\"{&quot;mobile&quot;:&quot;Mobile Portrait (&gt; 767px)&quot;,&quot;tablet&quot;:&quot;Tablet Portrait (&gt; 1024px)&quot;,&quot;desktop&quot;:&quot;Desktop (&gt; 2400px)&quot;,&quot;none&quot;:&quot;None&quot;}\" data-hamburger-device=\"tablet\">\n                <ul id=\"menu-les-residents\" class=\"eael-simple-menu eael-simple-menu-dropdown-animate-to-top eael-simple-menu-indicator eael-simple-menu-vertical\"><li id=\"menu-item-556\" class=\"menu-item menu-item-type-post_type menu-item-object-page menu-item-has-children menu-item-556\"><a href=\"https:\/\/la-correspondance.fr\/index.php\/les-residents\/\">Les r\u00e9sident.es<\/a>\n<ul class=\"sub-menu\">\n\t<li id=\"menu-item-551\" class=\"menu-item menu-item-type-taxonomy menu-item-object-category menu-item-has-children menu-item-551\"><a href=\"https:\/\/la-correspondance.fr\/index.php\/category\/presentation-des-residents\/culture-et-art\/\">Culture et Art<\/a>\n\t<ul class=\"sub-menu\">\n\t\t<li id=\"menu-item-914\" class=\"menu-item menu-item-type-post_type menu-item-object-page menu-item-914\"><a href=\"https:\/\/la-correspondance.fr\/index.php\/collectif-cnous\/\">Collectif C\u2019Nous<\/a><\/li>\n\t\t<li id=\"menu-item-555\" class=\"menu-item menu-item-type-post_type menu-item-object-page menu-item-555\"><a href=\"https:\/\/la-correspondance.fr\/index.php\/cie-craque-ta-coquille\/\">Cie CTC<\/a><\/li>\n\t\t<li id=\"menu-item-1580\" class=\"menu-item menu-item-type-post_type menu-item-object-page menu-item-1580\"><a href=\"https:\/\/la-correspondance.fr\/index.php\/cie-institout\/\">Cie Institout<\/a><\/li>\n\t\t<li id=\"menu-item-1963\" class=\"menu-item menu-item-type-post_type menu-item-object-page menu-item-1963\"><a href=\"https:\/\/la-correspondance.fr\/index.php\/jadanah\/\">Jadanah<\/a><\/li>\n\t\t<li id=\"menu-item-1582\" class=\"menu-item menu-item-type-post_type menu-item-object-page menu-item-1582\"><a href=\"https:\/\/la-correspondance.fr\/index.php\/el-sombra-del-arte\/\">El Sombra del Arte<\/a><\/li>\n\t\t<li id=\"menu-item-547\" class=\"menu-item menu-item-type-post_type menu-item-object-page menu-item-547\"><a href=\"https:\/\/la-correspondance.fr\/index.php\/comptoirdesarts\/\">Le Comptoir des Arts<\/a><\/li>\n\t\t<li id=\"menu-item-913\" class=\"menu-item menu-item-type-post_type menu-item-object-page menu-item-913\"><a href=\"https:\/\/la-correspondance.fr\/index.php\/mixarts-2\/\">Mix\u2019Arts<\/a><\/li>\n\t\t<li id=\"menu-item-912\" class=\"menu-item menu-item-type-post_type menu-item-object-page menu-item-912\"><a href=\"https:\/\/la-correspondance.fr\/index.php\/retour-de-scene\/\">Retour de Sc\u00e8ne<\/a><\/li>\n\t<\/ul>\n<\/li>\n\t<li id=\"menu-item-553\" class=\"menu-item menu-item-type-taxonomy menu-item-object-category menu-item-has-children menu-item-553\"><a href=\"https:\/\/la-correspondance.fr\/index.php\/category\/presentation-des-residents\/lien-social\/\">Lien Social et Transition Ecologique<\/a>\n\t<ul class=\"sub-menu\">\n\t\t<li id=\"menu-item-548\" class=\"menu-item menu-item-type-post_type menu-item-object-page menu-item-548\"><a href=\"https:\/\/la-correspondance.fr\/index.php\/cimme\/\">CIMME<\/a><\/li>\n\t\t<li id=\"menu-item-1043\" class=\"menu-item menu-item-type-post_type menu-item-object-page menu-item-1043\"><a href=\"https:\/\/la-correspondance.fr\/index.php\/gaia-grenoble-alpes-initiative-active\/\">GA\u00cfA (Grenoble Alpes Initiative Active)<\/a><\/li>\n\t\t<li id=\"menu-item-1042\" class=\"menu-item menu-item-type-post_type menu-item-object-page menu-item-1042\"><a href=\"https:\/\/la-correspondance.fr\/index.php\/la-madre-apmag\/\">La Madre<\/a><\/li>\n\t\t<li id=\"menu-item-1485\" class=\"menu-item menu-item-type-post_type menu-item-object-page menu-item-1485\"><a href=\"https:\/\/la-correspondance.fr\/index.php\/petits-freres-des-pauvres\/\">Petits Fr\u00e8res des Pauvres<\/a><\/li>\n\t\t<li id=\"menu-item-1040\" class=\"menu-item menu-item-type-post_type menu-item-object-page menu-item-1040\"><a href=\"https:\/\/la-correspondance.fr\/index.php\/sicklo-2\/\">Sicklo<\/a><\/li>\n\t\t<li id=\"menu-item-546\" class=\"menu-item menu-item-type-post_type menu-item-object-page menu-item-546\"><a href=\"https:\/\/la-correspondance.fr\/index.php\/weavers\/\">Weavers<\/a><\/li>\n\t<\/ul>\n<\/li>\n\t<li id=\"menu-item-554\" class=\"menu-item menu-item-type-taxonomy menu-item-object-category menu-item-has-children menu-item-554\"><a href=\"https:\/\/la-correspondance.fr\/index.php\/category\/presentation-des-residents\/sport-et-sante\/\">Sport et Sant\u00e9<\/a>\n\t<ul class=\"sub-menu\">\n\t\t<li id=\"menu-item-911\" class=\"menu-item menu-item-type-post_type menu-item-object-page menu-item-911\"><a href=\"https:\/\/la-correspondance.fr\/index.php\/big-bang-ballers-2\/\">Big Bang Ballers<\/a><\/li>\n\t<\/ul>\n<\/li>\n\t<li id=\"menu-item-552\" class=\"menu-item menu-item-type-taxonomy menu-item-object-category menu-item-has-children menu-item-552\"><a href=\"https:\/\/la-correspondance.fr\/index.php\/category\/presentation-des-residents\/food\/\">Boire et Manger<\/a>\n\t<ul class=\"sub-menu\">\n\t\t<li id=\"menu-item-743\" class=\"menu-item menu-item-type-post_type menu-item-object-page menu-item-743\"><a href=\"https:\/\/la-correspondance.fr\/index.php\/aubonsensdesmets\/\">Au Bon Sens des Mets<\/a><\/li>\n\t\t<li id=\"menu-item-1039\" class=\"menu-item menu-item-type-post_type menu-item-object-page menu-item-1039\"><a href=\"https:\/\/la-correspondance.fr\/index.php\/lelefan\/\">L\u2019\u00c9l\u00e9f\u00e0n<\/a><\/li>\n\t\t<li id=\"menu-item-1038\" class=\"menu-item menu-item-type-post_type menu-item-object-page menu-item-1038\"><a href=\"https:\/\/la-correspondance.fr\/index.php\/le-bivouak-cafe\/\">Le Bivouak Caf\u00e9<\/a><\/li>\n\t<\/ul>\n<\/li>\n<\/ul>\n<\/li>\n<\/ul>                <button class=\"eael-simple-menu-toggle\">\n                    <span class=\"sr-only \">Hamburger Toggle Menu<\/span>\n                    <svg aria-hidden=\"true\" class=\"e-font-icon-svg e-fas-bars\" viewBox=\"0 0 448 512\" xmlns=\"http:\/\/www.w3.org\/2000\/svg\"><path d=\"M16 132h416c8.837 0 16-7.163 16-16V76c0-8.837-7.163-16-16-16H16C7.163 60 0 67.163 0 76v40c0 8.837 7.163 16 16 16zm0 160h416c8.837 0 16-7.163 16-16v-40c0-8.837-7.163-16-16-16H16c-8.837 0-16 7.163-16 16v40c0 8.837 7.163 16 16 16zm0 160h416c8.837 0 16-7.163 16-16v-40c0-8.837-7.163-16-16-16H16c-8.837 0-16 7.163-16 16v40c0 8.837 7.163 16 16 16z\"><\/path><\/svg>                <\/button>\n            <\/div>\n            \t\t\t\t<\/div>\n\t\t\t\t<\/div>\n\t\t\t\t<\/div>\n\t\t\t\t<\/div>\n\t\t\t\t<\/div>\n\t\t","protected":false},"excerpt":{"rendered":"<p>Le CIMME porte une \u00c9cole de la Transition \u00c9cologique (ETRE), il propose diff\u00e9rents formats pour permettre \u00e0 des jeunes en insertion de se former \u00e0 diff\u00e9rents m\u00e9tiers de la transition \u00e9cologique (fili\u00e8re agricole et alimentation durable, \u00e9nergies renouvelables, \u00e9co-construction &amp; tourisme et protection de la montagne). Pour cela, il propose : Des ateliers d\u2019initiation aux m\u00e9tiers de la transition \u00e9cologique\u200d Des sessions de d\u00e9couverte des m\u00e9tiers\u200d Des sessions de pr\u00e9-qualification pour se former puis int\u00e9grer une formation qualifiante ou un emploi durable dans un m\u00e9tier de la transition Par des rencontres r\u00e9guli\u00e8res et th\u00e9matiques, le CIMME souhaite \u00e9galement f\u00e9d\u00e9rer un r\u00e9seau d\u2019acteurs professionnels engag\u00e9s au service de la transition \u00e9cologique en territoire de montagne. \ud83d\udccdRetrouvez les au premier \u00e9tage du b\u00e2timent A. http:\/\/la-correspondance.fr\/wp-content\/uploads\/2024\/02\/Inauguration-CIMME-format-internet.mp4 site internet Facebook Instagram Les r\u00e9sidents Culture et Art Collectif CNous Cie CTC Le Comptoir des Arts Mix\u2019Arts Retour de Sc\u00e8ne Vilain Lien Social et Transition Ecologique CIMME Eole GA\u00cfA (Grenoble Alpes Initiative Active) La Madre (APMAG) Quiz de l\u2019Anthropoc\u00e8ne Sicklo Weavers Sport et Sant\u00e9 Big Bang Ballers La Plage de Grenoble \/ AD2S Boire et Manger Au Bon Sens des Mets L\u2019\u00c9l\u00e9f\u00e0n La Crique Sud<\/p>\n","protected":false},"author":1,"featured_media":0,"parent":0,"menu_order":0,"comment_status":"closed","ping_status":"closed","template":"","meta":{"_eb_attr":"","footnotes":""},"class_list":["post-352","page","type-page","status-publish","hentry"],"blocksy_meta":[],"_links":{"self":[{"href":"https:\/\/la-correspondance.fr\/index.php\/wp-json\/wp\/v2\/pages\/352","targetHints":{"allow":["GET"]}}],"collection":[{"href":"https:\/\/la-correspondance.fr\/index.php\/wp-json\/wp\/v2\/pages"}],"about":[{"href":"https:\/\/la-correspondance.fr\/index.php\/wp-json\/wp\/v2\/types\/page"}],"author":[{"embeddable":true,"href":"https:\/\/la-correspondance.fr\/index.php\/wp-json\/wp\/v2\/users\/1"}],"replies":[{"embeddable":true,"href":"https:\/\/la-correspondance.fr\/index.php\/wp-json\/wp\/v2\/comments?post=352"}],"version-history":[{"count":61,"href":"https:\/\/la-correspondance.fr\/index.php\/wp-json\/wp\/v2\/pages\/352\/revisions"}],"predecessor-version":[{"id":1391,"href":"https:\/\/la-correspondance.fr\/index.php\/wp-json\/wp\/v2\/pages\/352\/revisions\/1391"}],"wp:attachment":[{"href":"https:\/\/la-correspondance.fr\/index.php\/wp-json\/wp\/v2\/media?parent=352"}],"curies":[{"name":"wp","href":"https:\/\/api.w.org\/{rel}","templated":true}]}}