{"id":359,"date":"2024-01-22T16:52:08","date_gmt":"2024-01-22T15:52:08","guid":{"rendered":"https:\/\/la-correspondance.fr\/?page_id=359"},"modified":"2024-02-12T09:31:41","modified_gmt":"2024-02-12T08:31:41","slug":"comptoirdesarts","status":"publish","type":"page","link":"https:\/\/la-correspondance.fr\/index.php\/comptoirdesarts\/","title":{"rendered":"Le Comptoir des Arts"},"content":{"rendered":"\t\t<div data-elementor-type=\"wp-page\" data-elementor-id=\"359\" class=\"elementor elementor-359\">\n\t\t\t\t<div class=\"elementor-element elementor-element-e01c1d4 e-flex e-con-boxed wpr-particle-no wpr-jarallax-no wpr-parallax-no wpr-sticky-section-no e-con e-parent\" data-id=\"e01c1d4\" data-element_type=\"container\">\n\t\t\t\t\t<div class=\"e-con-inner\">\n\t\t\t\t<div class=\"elementor-element elementor-element-5f0f4ed elementor-widget elementor-widget-image\" data-id=\"5f0f4ed\" data-element_type=\"widget\" data-widget_type=\"image.default\">\n\t\t\t\t<div class=\"elementor-widget-container\">\n\t\t\t\t\t\t\t\t\t\t\t\t\t\t\t<img fetchpriority=\"high\" decoding=\"async\" width=\"1024\" height=\"683\" src=\"https:\/\/la-correspondance.fr\/wp-content\/uploads\/2024\/01\/48736426552_c52f97eacb_o-1024x683.jpg\" class=\"attachment-large size-large wp-image-270\" alt=\"\" srcset=\"https:\/\/la-correspondance.fr\/wp-content\/uploads\/2024\/01\/48736426552_c52f97eacb_o-1024x683.jpg 1024w, https:\/\/la-correspondance.fr\/wp-content\/uploads\/2024\/01\/48736426552_c52f97eacb_o-300x200.jpg 300w, https:\/\/la-correspondance.fr\/wp-content\/uploads\/2024\/01\/48736426552_c52f97eacb_o-768x512.jpg 768w, https:\/\/la-correspondance.fr\/wp-content\/uploads\/2024\/01\/48736426552_c52f97eacb_o-1536x1024.jpg 1536w, https:\/\/la-correspondance.fr\/wp-content\/uploads\/2024\/01\/48736426552_c52f97eacb_o-2048x1365.jpg 2048w\" sizes=\"(max-width: 1024px) 100vw, 1024px\" \/>\t\t\t\t\t\t\t\t\t\t\t\t\t\t\t<\/div>\n\t\t\t\t<\/div>\n\t\t\t\t\t<\/div>\n\t\t\t\t<\/div>\n\t\t<div class=\"elementor-element elementor-element-7cb0d9e e-flex e-con-boxed wpr-particle-no wpr-jarallax-no wpr-parallax-no wpr-sticky-section-no e-con e-parent\" data-id=\"7cb0d9e\" data-element_type=\"container\">\n\t\t\t\t\t<div class=\"e-con-inner\">\n\t\t\t\t<div class=\"elementor-element elementor-element-05e9ae1 elementor-widget elementor-widget-text-editor\" data-id=\"05e9ae1\" data-element_type=\"widget\" data-widget_type=\"text-editor.default\">\n\t\t\t\t<div class=\"elementor-widget-container\">\n\t\t\t\t\t\t\t\t\t<p>Le Comptoir des Arts est un bureau de production pluridisciplinaire bas\u00e9 \u00e0 Grenoble. Au service des artistes dans le d\u00e9veloppement de leurs projets, nous proposons un accompagnement \u00e0 360\u00b0 \u00e0 diff\u00e9rents moment de leurs carri\u00e8res. De l\u2019\u00e9mergence au monde professionnel, le Comptoir des Arts apporte conseils et services en imaginant ensemble des axes de d\u00e9veloppement selon leurs envies et leurs besoins.<\/p>\t\t\t\t\t\t\t\t<\/div>\n\t\t\t\t<\/div>\n\t\t\t\t\t<\/div>\n\t\t\t\t<\/div>\n\t\t<div class=\"elementor-element elementor-element-1ded8fdb e-flex e-con-boxed wpr-particle-no wpr-jarallax-no wpr-parallax-no wpr-sticky-section-no e-con e-parent\" data-id=\"1ded8fdb\" data-element_type=\"container\">\n\t\t\t\t\t<div class=\"e-con-inner\">\n\t\t\t\t<div class=\"elementor-element elementor-element-1b8c90bc elementor-widget elementor-widget-text-editor\" data-id=\"1b8c90bc\" data-element_type=\"widget\" data-widget_type=\"text-editor.default\">\n\t\t\t\t<div class=\"elementor-widget-container\">\n\t\t\t\t\t\t\t\t\t<p><b>\ud83d\udccdRetrouvez les au b\u00e2timent G.<\/b><\/p>\t\t\t\t\t\t\t\t<\/div>\n\t\t\t\t<\/div>\n\t\t\t\t\t<\/div>\n\t\t\t\t<\/div>\n\t\t<div class=\"elementor-element elementor-element-6baf7a5f e-con-full e-flex wpr-particle-no wpr-jarallax-no wpr-parallax-no wpr-sticky-section-no e-con e-parent\" data-id=\"6baf7a5f\" data-element_type=\"container\">\n\t\t<div class=\"elementor-element elementor-element-6166f11c e-con-full e-flex wpr-particle-no wpr-jarallax-no wpr-parallax-no wpr-sticky-section-no e-con e-child\" data-id=\"6166f11c\" data-element_type=\"container\">\n\t\t\t\t<div class=\"elementor-element elementor-element-2617ae0 elementor-mobile-align-center elementor-widget elementor-widget-button\" data-id=\"2617ae0\" data-element_type=\"widget\" data-widget_type=\"button.default\">\n\t\t\t\t<div class=\"elementor-widget-container\">\n\t\t\t\t\t\t\t\t\t<div class=\"elementor-button-wrapper\">\n\t\t\t\t\t<a class=\"elementor-button elementor-button-link elementor-size-sm\" href=\"https:\/\/www.lcdaprod.com\" target=\"_blank\">\n\t\t\t\t\t\t<span class=\"elementor-button-content-wrapper\">\n\t\t\t\t\t\t\t\t\t<span class=\"elementor-button-text\">site internet<\/span>\n\t\t\t\t\t<\/span>\n\t\t\t\t\t<\/a>\n\t\t\t\t<\/div>\n\t\t\t\t\t\t\t\t<\/div>\n\t\t\t\t<\/div>\n\t\t\t\t<\/div>\n\t\t<div class=\"elementor-element elementor-element-78c83b1b e-con-full e-flex wpr-particle-no wpr-jarallax-no wpr-parallax-no wpr-sticky-section-no e-con e-child\" data-id=\"78c83b1b\" data-element_type=\"container\">\n\t\t\t\t<div class=\"elementor-element elementor-element-da4852d elementor-shape-circle elementor-grid-0 e-grid-align-center elementor-widget elementor-widget-social-icons\" data-id=\"da4852d\" data-element_type=\"widget\" data-widget_type=\"social-icons.default\">\n\t\t\t\t<div class=\"elementor-widget-container\">\n\t\t\t\t\t\t\t<div class=\"elementor-social-icons-wrapper elementor-grid\">\n\t\t\t\t\t\t\t<span class=\"elementor-grid-item\">\n\t\t\t\t\t<a class=\"elementor-icon elementor-social-icon elementor-social-icon-facebook elementor-repeater-item-e0dcd83\" href=\"https:\/\/www.facebook.com\/lcdaprod\" target=\"_blank\">\n\t\t\t\t\t\t<span class=\"elementor-screen-only\">Facebook<\/span>\n\t\t\t\t\t\t<svg class=\"e-font-icon-svg e-fab-facebook\" viewBox=\"0 0 512 512\" xmlns=\"http:\/\/www.w3.org\/2000\/svg\"><path d=\"M504 256C504 119 393 8 256 8S8 119 8 256c0 123.78 90.69 226.38 209.25 245V327.69h-63V256h63v-54.64c0-62.15 37-96.48 93.67-96.48 27.14 0 55.52 4.84 55.52 4.84v61h-31.28c-30.8 0-40.41 19.12-40.41 38.73V256h68.78l-11 71.69h-57.78V501C413.31 482.38 504 379.78 504 256z\"><\/path><\/svg>\t\t\t\t\t<\/a>\n\t\t\t\t<\/span>\n\t\t\t\t\t\t\t<span class=\"elementor-grid-item\">\n\t\t\t\t\t<a class=\"elementor-icon elementor-social-icon elementor-social-icon-instagram elementor-repeater-item-97cb33d\" href=\"https:\/\/www.instagram.com\/lcdaprod\" target=\"_blank\">\n\t\t\t\t\t\t<span class=\"elementor-screen-only\">Instagram<\/span>\n\t\t\t\t\t\t<svg class=\"e-font-icon-svg e-fab-instagram\" viewBox=\"0 0 448 512\" xmlns=\"http:\/\/www.w3.org\/2000\/svg\"><path d=\"M224.1 141c-63.6 0-114.9 51.3-114.9 114.9s51.3 114.9 114.9 114.9S339 319.5 339 255.9 287.7 141 224.1 141zm0 189.6c-41.1 0-74.7-33.5-74.7-74.7s33.5-74.7 74.7-74.7 74.7 33.5 74.7 74.7-33.6 74.7-74.7 74.7zm146.4-194.3c0 14.9-12 26.8-26.8 26.8-14.9 0-26.8-12-26.8-26.8s12-26.8 26.8-26.8 26.8 12 26.8 26.8zm76.1 27.2c-1.7-35.9-9.9-67.7-36.2-93.9-26.2-26.2-58-34.4-93.9-36.2-37-2.1-147.9-2.1-184.9 0-35.8 1.7-67.6 9.9-93.9 36.1s-34.4 58-36.2 93.9c-2.1 37-2.1 147.9 0 184.9 1.7 35.9 9.9 67.7 36.2 93.9s58 34.4 93.9 36.2c37 2.1 147.9 2.1 184.9 0 35.9-1.7 67.7-9.9 93.9-36.2 26.2-26.2 34.4-58 36.2-93.9 2.1-37 2.1-147.8 0-184.8zM398.8 388c-7.8 19.6-22.9 34.7-42.6 42.6-29.5 11.7-99.5 9-132.1 9s-102.7 2.6-132.1-9c-19.6-7.8-34.7-22.9-42.6-42.6-11.7-29.5-9-99.5-9-132.1s-2.6-102.7 9-132.1c7.8-19.6 22.9-34.7 42.6-42.6 29.5-11.7 99.5-9 132.1-9s102.7-2.6 132.1 9c19.6 7.8 34.7 22.9 42.6 42.6 11.7 29.5 9 99.5 9 132.1s2.7 102.7-9 132.1z\"><\/path><\/svg>\t\t\t\t\t<\/a>\n\t\t\t\t<\/span>\n\t\t\t\t\t<\/div>\n\t\t\t\t\t\t<\/div>\n\t\t\t\t<\/div>\n\t\t\t\t<\/div>\n\t\t<div class=\"elementor-element elementor-element-429fe83b e-con-full e-flex wpr-particle-no wpr-jarallax-no wpr-parallax-no wpr-sticky-section-no e-con e-child\" data-id=\"429fe83b\" data-element_type=\"container\">\n\t\t\t\t<div class=\"elementor-element elementor-element-199b8005 elementor-hidden-mobile eael_simple_menu_hamburger_disable_selected_menu_no eael-simple-menu-hamburger-align-right eael-hamburger--tablet elementor-widget elementor-widget-eael-simple-menu\" data-id=\"199b8005\" data-element_type=\"widget\" data-widget_type=\"eael-simple-menu.default\">\n\t\t\t\t<div class=\"elementor-widget-container\">\n\t\t\t\t\t<style>\n                        @media screen and (max-width: 1024px) {\n                            .eael-hamburger--tablet {\n                                .eael-simple-menu-horizontal,\n                                .eael-simple-menu-vertical {\n                                    display: none;\n                                }\n                            }\n                            .eael-hamburger--tablet {\n                                .eael-simple-menu-container .eael-simple-menu-toggle {\n                                    display: block;\n                                }\n                            }\n                        }\n                    <\/style>            <div data-hamburger-icon=\"&lt;svg aria-hidden=&quot;true&quot; class=&quot;e-font-icon-svg e-fas-bars&quot; viewBox=&quot;0 0 448 512&quot; xmlns=&quot;http:\/\/www.w3.org\/2000\/svg&quot;&gt;&lt;path d=&quot;M16 132h416c8.837 0 16-7.163 16-16V76c0-8.837-7.163-16-16-16H16C7.163 60 0 67.163 0 76v40c0 8.837 7.163 16 16 16zm0 160h416c8.837 0 16-7.163 16-16v-40c0-8.837-7.163-16-16-16H16c-8.837 0-16 7.163-16 16v40c0 8.837 7.163 16 16 16zm0 160h416c8.837 0 16-7.163 16-16v-40c0-8.837-7.163-16-16-16H16c-8.837 0-16 7.163-16 16v40c0 8.837 7.163 16 16 16z&quot;&gt;&lt;\/path&gt;&lt;\/svg&gt;\" data-indicator-icon=\"&lt;svg aria-hidden=&quot;true&quot; class=&quot;e-font-icon-svg e-fas-angle-down&quot; viewBox=&quot;0 0 320 512&quot; xmlns=&quot;http:\/\/www.w3.org\/2000\/svg&quot;&gt;&lt;path d=&quot;M143 352.3L7 216.3c-9.4-9.4-9.4-24.6 0-33.9l22.6-22.6c9.4-9.4 24.6-9.4 33.9 0l96.4 96.4 96.4-96.4c9.4-9.4 24.6-9.4 33.9 0l22.6 22.6c9.4 9.4 9.4 24.6 0 33.9l-136 136c-9.2 9.4-24.4 9.4-33.8 0z&quot;&gt;&lt;\/path&gt;&lt;\/svg&gt;\" data-dropdown-indicator-icon=\"&lt;svg class=&quot;e-font-icon-svg e-fas-angle-down&quot; viewBox=&quot;0 0 320 512&quot; xmlns=&quot;http:\/\/www.w3.org\/2000\/svg&quot;&gt;&lt;path d=&quot;M143 352.3L7 216.3c-9.4-9.4-9.4-24.6 0-33.9l22.6-22.6c9.4-9.4 24.6-9.4 33.9 0l96.4 96.4 96.4-96.4c9.4-9.4 24.6-9.4 33.9 0l22.6 22.6c9.4 9.4 9.4 24.6 0 33.9l-136 136c-9.2 9.4-24.4 9.4-33.8 0z&quot;&gt;&lt;\/path&gt;&lt;\/svg&gt;\" class=\"eael-simple-menu-container eael-simple-menu-align-left eael-simple-menu-dropdown-align-left preset-1\" data-hamburger-breakpoints=\"{&quot;mobile&quot;:&quot;Mobile Portrait (&gt; 767px)&quot;,&quot;tablet&quot;:&quot;Tablet Portrait (&gt; 1024px)&quot;,&quot;desktop&quot;:&quot;Desktop (&gt; 2400px)&quot;,&quot;none&quot;:&quot;None&quot;}\" data-hamburger-device=\"tablet\">\n                <ul id=\"menu-les-residents\" class=\"eael-simple-menu eael-simple-menu-dropdown-animate-to-top eael-simple-menu-indicator eael-simple-menu-vertical\"><li id=\"menu-item-556\" class=\"menu-item menu-item-type-post_type menu-item-object-page menu-item-has-children menu-item-556\"><a href=\"https:\/\/la-correspondance.fr\/index.php\/les-residents\/\">Les r\u00e9sident.es<\/a>\n<ul class=\"sub-menu\">\n\t<li id=\"menu-item-551\" class=\"menu-item menu-item-type-taxonomy menu-item-object-category menu-item-has-children menu-item-551\"><a href=\"https:\/\/la-correspondance.fr\/index.php\/category\/presentation-des-residents\/culture-et-art\/\">Culture et Art<\/a>\n\t<ul class=\"sub-menu\">\n\t\t<li id=\"menu-item-914\" class=\"menu-item menu-item-type-post_type menu-item-object-page menu-item-914\"><a href=\"https:\/\/la-correspondance.fr\/index.php\/collectif-cnous\/\">Collectif C\u2019Nous<\/a><\/li>\n\t\t<li id=\"menu-item-555\" class=\"menu-item menu-item-type-post_type menu-item-object-page menu-item-555\"><a href=\"https:\/\/la-correspondance.fr\/index.php\/cie-craque-ta-coquille\/\">Cie CTC<\/a><\/li>\n\t\t<li id=\"menu-item-1580\" class=\"menu-item menu-item-type-post_type menu-item-object-page menu-item-1580\"><a href=\"https:\/\/la-correspondance.fr\/index.php\/cie-institout\/\">Cie Institout<\/a><\/li>\n\t\t<li id=\"menu-item-1963\" class=\"menu-item menu-item-type-post_type menu-item-object-page menu-item-1963\"><a href=\"https:\/\/la-correspondance.fr\/index.php\/jadanah\/\">Jadanah<\/a><\/li>\n\t\t<li id=\"menu-item-1582\" class=\"menu-item menu-item-type-post_type menu-item-object-page menu-item-1582\"><a href=\"https:\/\/la-correspondance.fr\/index.php\/el-sombra-del-arte\/\">El Sombra del Arte<\/a><\/li>\n\t\t<li id=\"menu-item-547\" class=\"menu-item menu-item-type-post_type menu-item-object-page menu-item-547\"><a href=\"https:\/\/la-correspondance.fr\/index.php\/comptoirdesarts\/\">Le Comptoir des Arts<\/a><\/li>\n\t\t<li id=\"menu-item-913\" class=\"menu-item menu-item-type-post_type menu-item-object-page menu-item-913\"><a href=\"https:\/\/la-correspondance.fr\/index.php\/mixarts-2\/\">Mix\u2019Arts<\/a><\/li>\n\t\t<li id=\"menu-item-912\" class=\"menu-item menu-item-type-post_type menu-item-object-page menu-item-912\"><a href=\"https:\/\/la-correspondance.fr\/index.php\/retour-de-scene\/\">Retour de Sc\u00e8ne<\/a><\/li>\n\t<\/ul>\n<\/li>\n\t<li id=\"menu-item-553\" class=\"menu-item menu-item-type-taxonomy menu-item-object-category menu-item-has-children menu-item-553\"><a href=\"https:\/\/la-correspondance.fr\/index.php\/category\/presentation-des-residents\/lien-social\/\">Lien Social et Transition Ecologique<\/a>\n\t<ul class=\"sub-menu\">\n\t\t<li id=\"menu-item-548\" class=\"menu-item menu-item-type-post_type menu-item-object-page menu-item-548\"><a href=\"https:\/\/la-correspondance.fr\/index.php\/cimme\/\">CIMME<\/a><\/li>\n\t\t<li id=\"menu-item-1043\" class=\"menu-item menu-item-type-post_type menu-item-object-page menu-item-1043\"><a href=\"https:\/\/la-correspondance.fr\/index.php\/gaia-grenoble-alpes-initiative-active\/\">GA\u00cfA (Grenoble Alpes Initiative Active)<\/a><\/li>\n\t\t<li id=\"menu-item-1042\" class=\"menu-item menu-item-type-post_type menu-item-object-page menu-item-1042\"><a href=\"https:\/\/la-correspondance.fr\/index.php\/la-madre-apmag\/\">La Madre<\/a><\/li>\n\t\t<li id=\"menu-item-1485\" class=\"menu-item menu-item-type-post_type menu-item-object-page menu-item-1485\"><a href=\"https:\/\/la-correspondance.fr\/index.php\/petits-freres-des-pauvres\/\">Petits Fr\u00e8res des Pauvres<\/a><\/li>\n\t\t<li id=\"menu-item-1040\" class=\"menu-item menu-item-type-post_type menu-item-object-page menu-item-1040\"><a href=\"https:\/\/la-correspondance.fr\/index.php\/sicklo-2\/\">Sicklo<\/a><\/li>\n\t\t<li id=\"menu-item-546\" class=\"menu-item menu-item-type-post_type menu-item-object-page menu-item-546\"><a href=\"https:\/\/la-correspondance.fr\/index.php\/weavers\/\">Weavers<\/a><\/li>\n\t<\/ul>\n<\/li>\n\t<li id=\"menu-item-554\" class=\"menu-item menu-item-type-taxonomy menu-item-object-category menu-item-has-children menu-item-554\"><a href=\"https:\/\/la-correspondance.fr\/index.php\/category\/presentation-des-residents\/sport-et-sante\/\">Sport et Sant\u00e9<\/a>\n\t<ul class=\"sub-menu\">\n\t\t<li id=\"menu-item-911\" class=\"menu-item menu-item-type-post_type menu-item-object-page menu-item-911\"><a href=\"https:\/\/la-correspondance.fr\/index.php\/big-bang-ballers-2\/\">Big Bang Ballers<\/a><\/li>\n\t<\/ul>\n<\/li>\n\t<li id=\"menu-item-552\" class=\"menu-item menu-item-type-taxonomy menu-item-object-category menu-item-has-children menu-item-552\"><a href=\"https:\/\/la-correspondance.fr\/index.php\/category\/presentation-des-residents\/food\/\">Boire et Manger<\/a>\n\t<ul class=\"sub-menu\">\n\t\t<li id=\"menu-item-743\" class=\"menu-item menu-item-type-post_type menu-item-object-page menu-item-743\"><a href=\"https:\/\/la-correspondance.fr\/index.php\/aubonsensdesmets\/\">Au Bon Sens des Mets<\/a><\/li>\n\t\t<li id=\"menu-item-1039\" class=\"menu-item menu-item-type-post_type menu-item-object-page menu-item-1039\"><a href=\"https:\/\/la-correspondance.fr\/index.php\/lelefan\/\">L\u2019\u00c9l\u00e9f\u00e0n<\/a><\/li>\n\t\t<li id=\"menu-item-1038\" class=\"menu-item menu-item-type-post_type menu-item-object-page menu-item-1038\"><a href=\"https:\/\/la-correspondance.fr\/index.php\/le-bivouak-cafe\/\">Le Bivouak Caf\u00e9<\/a><\/li>\n\t<\/ul>\n<\/li>\n<\/ul>\n<\/li>\n<\/ul>                <button class=\"eael-simple-menu-toggle\">\n                    <span class=\"sr-only \">Hamburger Toggle Menu<\/span>\n                    <svg aria-hidden=\"true\" class=\"e-font-icon-svg e-fas-bars\" viewBox=\"0 0 448 512\" xmlns=\"http:\/\/www.w3.org\/2000\/svg\"><path d=\"M16 132h416c8.837 0 16-7.163 16-16V76c0-8.837-7.163-16-16-16H16C7.163 60 0 67.163 0 76v40c0 8.837 7.163 16 16 16zm0 160h416c8.837 0 16-7.163 16-16v-40c0-8.837-7.163-16-16-16H16c-8.837 0-16 7.163-16 16v40c0 8.837 7.163 16 16 16zm0 160h416c8.837 0 16-7.163 16-16v-40c0-8.837-7.163-16-16-16H16c-8.837 0-16 7.163-16 16v40c0 8.837 7.163 16 16 16z\"><\/path><\/svg>                <\/button>\n            <\/div>\n            \t\t\t\t<\/div>\n\t\t\t\t<\/div>\n\t\t\t\t<\/div>\n\t\t\t\t<\/div>\n\t\t\t\t<\/div>\n\t\t","protected":false},"excerpt":{"rendered":"<p>Le Comptoir des Arts est un bureau de production pluridisciplinaire bas\u00e9 \u00e0 Grenoble. Au service des artistes dans le d\u00e9veloppement de leurs projets, nous proposons un accompagnement \u00e0 360\u00b0 \u00e0 diff\u00e9rents moment de leurs carri\u00e8res. De l\u2019\u00e9mergence au monde professionnel, le Comptoir des Arts apporte conseils et services en imaginant ensemble des axes de d\u00e9veloppement selon leurs envies et leurs besoins. \ud83d\udccdRetrouvez les au b\u00e2timent G. site internet Facebook Instagram Les r\u00e9sidents Culture et Art Collectif CNous Cie Craque ta Coquille le Comptoir des arts Mix\u2019Arts Retour de Sc\u00e8ne Vilain Lien Social CIMME Eole GA\u00cfA (Grenoble Alpes Initiative Active) La Madre (APMAG) Quiz de l\u2019Anthropoc\u00e8ne Sicklo Weavers Sport et Sant\u00e9 Big Bang Ballers La Plage de Grenoble \/ AD2S Food Au Bon Sens des Mets L\u2019\u00c9l\u00e9f\u00e0n La Crique Sud<\/p>\n","protected":false},"author":1,"featured_media":0,"parent":0,"menu_order":0,"comment_status":"closed","ping_status":"closed","template":"","meta":{"_eb_attr":"","footnotes":""},"class_list":["post-359","page","type-page","status-publish","hentry"],"blocksy_meta":[],"_links":{"self":[{"href":"https:\/\/la-correspondance.fr\/index.php\/wp-json\/wp\/v2\/pages\/359","targetHints":{"allow":["GET"]}}],"collection":[{"href":"https:\/\/la-correspondance.fr\/index.php\/wp-json\/wp\/v2\/pages"}],"about":[{"href":"https:\/\/la-correspondance.fr\/index.php\/wp-json\/wp\/v2\/types\/page"}],"author":[{"embeddable":true,"href":"https:\/\/la-correspondance.fr\/index.php\/wp-json\/wp\/v2\/users\/1"}],"replies":[{"embeddable":true,"href":"https:\/\/la-correspondance.fr\/index.php\/wp-json\/wp\/v2\/comments?post=359"}],"version-history":[{"count":24,"href":"https:\/\/la-correspondance.fr\/index.php\/wp-json\/wp\/v2\/pages\/359\/revisions"}],"predecessor-version":[{"id":1335,"href":"https:\/\/la-correspondance.fr\/index.php\/wp-json\/wp\/v2\/pages\/359\/revisions\/1335"}],"wp:attachment":[{"href":"https:\/\/la-correspondance.fr\/index.php\/wp-json\/wp\/v2\/media?parent=359"}],"curies":[{"name":"wp","href":"https:\/\/api.w.org\/{rel}","templated":true}]}}