{"id":376,"date":"2024-01-23T11:22:59","date_gmt":"2024-01-23T10:22:59","guid":{"rendered":"https:\/\/la-correspondance.fr\/?page_id=376"},"modified":"2024-01-25T15:14:43","modified_gmt":"2024-01-25T14:14:43","slug":"weavers","status":"publish","type":"page","link":"https:\/\/la-correspondance.fr\/index.php\/weavers\/","title":{"rendered":"Weavers"},"content":{"rendered":"\t\t<div data-elementor-type=\"wp-page\" data-elementor-id=\"376\" class=\"elementor elementor-376\">\n\t\t\t\t<div class=\"elementor-element elementor-element-e01c1d4 e-flex e-con-boxed wpr-particle-no wpr-jarallax-no wpr-parallax-no wpr-sticky-section-no e-con e-parent\" data-id=\"e01c1d4\" data-element_type=\"container\">\n\t\t\t\t\t<div class=\"e-con-inner\">\n\t\t\t\t<div class=\"elementor-element elementor-element-5f0f4ed elementor-widget elementor-widget-image\" data-id=\"5f0f4ed\" data-element_type=\"widget\" data-widget_type=\"image.default\">\n\t\t\t\t<div class=\"elementor-widget-container\">\n\t\t\t\t\t\t\t\t\t\t\t\t\t\t\t<img fetchpriority=\"high\" decoding=\"async\" width=\"1024\" height=\"683\" src=\"https:\/\/la-correspondance.fr\/wp-content\/uploads\/2024\/01\/JulieLambertphotographe-Weavers-3-1024x683.jpg\" class=\"attachment-large size-large wp-image-372\" alt=\"\" srcset=\"https:\/\/la-correspondance.fr\/wp-content\/uploads\/2024\/01\/JulieLambertphotographe-Weavers-3-1024x683.jpg 1024w, https:\/\/la-correspondance.fr\/wp-content\/uploads\/2024\/01\/JulieLambertphotographe-Weavers-3-300x200.jpg 300w, https:\/\/la-correspondance.fr\/wp-content\/uploads\/2024\/01\/JulieLambertphotographe-Weavers-3-768x512.jpg 768w, https:\/\/la-correspondance.fr\/wp-content\/uploads\/2024\/01\/JulieLambertphotographe-Weavers-3-1536x1024.jpg 1536w, https:\/\/la-correspondance.fr\/wp-content\/uploads\/2024\/01\/JulieLambertphotographe-Weavers-3-2048x1366.jpg 2048w\" sizes=\"(max-width: 1024px) 100vw, 1024px\" \/>\t\t\t\t\t\t\t\t\t\t\t\t\t\t\t<\/div>\n\t\t\t\t<\/div>\n\t\t\t\t\t<\/div>\n\t\t\t\t<\/div>\n\t\t<div class=\"elementor-element elementor-element-7cb0d9e e-flex e-con-boxed wpr-particle-no wpr-jarallax-no wpr-parallax-no wpr-sticky-section-no e-con e-parent\" data-id=\"7cb0d9e\" data-element_type=\"container\">\n\t\t\t\t\t<div class=\"e-con-inner\">\n\t\t\t\t<div class=\"elementor-element elementor-element-05e9ae1 elementor-widget elementor-widget-text-editor\" data-id=\"05e9ae1\" data-element_type=\"widget\" data-widget_type=\"text-editor.default\">\n\t\t\t\t<div class=\"elementor-widget-container\">\n\t\t\t\t\t\t\t\t\t<p><span style=\"font-weight: 400;\">Weavers forme et accompagne des personnes exil\u00e9es vers l&#8217;emploi. En plus du d\u00e9racinement qu\u2019elles vivent, les personnes exil\u00e9es subissent l\u2019isolement, le manque de lien avec les personnes locales et le d\u00e9classement professionnel. Et alors que des secteurs peinent \u00e0 recruter, un grand nombre de personnes exil\u00e9es ont les talents n\u00e9cessaires pour r\u00e9pondre \u00e0 ce besoin. C\u2019est pourquoi Weavers facilite la formation et le recrutement des personnes exil\u00e9es, et sensibilise l&#8217;ensemble des parties prenantes qui ont un r\u00f4le \u00e0 jouer (entreprises, recruteur.se.s, professionnel.le.s de l&#8217;accompagnement)&#8230; pour avoir un r\u00e9el impact sur le syst\u00e8me d&#8217;accueil et d&#8217;int\u00e9gration fran\u00e7ais.<\/span><\/p>\n\t\t\t\t\t\t\t\t<\/div>\n\t\t\t\t<\/div>\n\t\t\t\t\t<\/div>\n\t\t\t\t<\/div>\n\t\t<div class=\"elementor-element elementor-element-4ef24038 e-flex e-con-boxed wpr-particle-no wpr-jarallax-no wpr-parallax-no wpr-sticky-section-no e-con e-parent\" data-id=\"4ef24038\" data-element_type=\"container\">\n\t\t\t\t\t<div class=\"e-con-inner\">\n\t\t\t\t<div class=\"elementor-element elementor-element-62f5046e elementor-widget elementor-widget-text-editor\" data-id=\"62f5046e\" data-element_type=\"widget\" data-widget_type=\"text-editor.default\">\n\t\t\t\t<div class=\"elementor-widget-container\">\n\t\t\t\t\t\t\t\t\t<p><b>\ud83d\udccdRetrouvez les au deuxi\u00e8me \u00e9tage du b\u00e2timent A.<\/b><\/p>\t\t\t\t\t\t\t\t<\/div>\n\t\t\t\t<\/div>\n\t\t\t\t\t<\/div>\n\t\t\t\t<\/div>\n\t\t<div class=\"elementor-element elementor-element-62e7e4f8 e-con-full e-flex wpr-particle-no wpr-jarallax-no wpr-parallax-no wpr-sticky-section-no e-con e-parent\" data-id=\"62e7e4f8\" data-element_type=\"container\">\n\t\t<div class=\"elementor-element elementor-element-6c23f5a e-con-full e-flex wpr-particle-no wpr-jarallax-no wpr-parallax-no wpr-sticky-section-no e-con e-child\" data-id=\"6c23f5a\" data-element_type=\"container\">\n\t\t\t\t<div class=\"elementor-element elementor-element-2617ae0 elementor-mobile-align-center elementor-widget elementor-widget-button\" data-id=\"2617ae0\" data-element_type=\"widget\" data-widget_type=\"button.default\">\n\t\t\t\t<div class=\"elementor-widget-container\">\n\t\t\t\t\t\t\t\t\t<div class=\"elementor-button-wrapper\">\n\t\t\t\t\t<a class=\"elementor-button elementor-button-link elementor-size-sm\" href=\"https:\/\/www.weaversfrance.org\/\" target=\"_blank\">\n\t\t\t\t\t\t<span class=\"elementor-button-content-wrapper\">\n\t\t\t\t\t\t\t\t\t<span class=\"elementor-button-text\">site internet<\/span>\n\t\t\t\t\t<\/span>\n\t\t\t\t\t<\/a>\n\t\t\t\t<\/div>\n\t\t\t\t\t\t\t\t<\/div>\n\t\t\t\t<\/div>\n\t\t\t\t<\/div>\n\t\t<div class=\"elementor-element elementor-element-68733823 e-con-full e-flex wpr-particle-no wpr-jarallax-no wpr-parallax-no wpr-sticky-section-no e-con e-child\" data-id=\"68733823\" data-element_type=\"container\">\n\t\t\t\t<div class=\"elementor-element elementor-element-da4852d elementor-shape-circle elementor-grid-0 e-grid-align-center elementor-widget elementor-widget-social-icons\" data-id=\"da4852d\" data-element_type=\"widget\" data-widget_type=\"social-icons.default\">\n\t\t\t\t<div class=\"elementor-widget-container\">\n\t\t\t\t\t\t\t<div class=\"elementor-social-icons-wrapper elementor-grid\">\n\t\t\t\t\t\t\t<span class=\"elementor-grid-item\">\n\t\t\t\t\t<a class=\"elementor-icon elementor-social-icon elementor-social-icon-instagram elementor-repeater-item-97cb33d\" href=\"https:\/\/www.instagram.com\/weaversfrance\/\" target=\"_blank\">\n\t\t\t\t\t\t<span class=\"elementor-screen-only\">Instagram<\/span>\n\t\t\t\t\t\t<svg class=\"e-font-icon-svg e-fab-instagram\" viewBox=\"0 0 448 512\" xmlns=\"http:\/\/www.w3.org\/2000\/svg\"><path d=\"M224.1 141c-63.6 0-114.9 51.3-114.9 114.9s51.3 114.9 114.9 114.9S339 319.5 339 255.9 287.7 141 224.1 141zm0 189.6c-41.1 0-74.7-33.5-74.7-74.7s33.5-74.7 74.7-74.7 74.7 33.5 74.7 74.7-33.6 74.7-74.7 74.7zm146.4-194.3c0 14.9-12 26.8-26.8 26.8-14.9 0-26.8-12-26.8-26.8s12-26.8 26.8-26.8 26.8 12 26.8 26.8zm76.1 27.2c-1.7-35.9-9.9-67.7-36.2-93.9-26.2-26.2-58-34.4-93.9-36.2-37-2.1-147.9-2.1-184.9 0-35.8 1.7-67.6 9.9-93.9 36.1s-34.4 58-36.2 93.9c-2.1 37-2.1 147.9 0 184.9 1.7 35.9 9.9 67.7 36.2 93.9s58 34.4 93.9 36.2c37 2.1 147.9 2.1 184.9 0 35.9-1.7 67.7-9.9 93.9-36.2 26.2-26.2 34.4-58 36.2-93.9 2.1-37 2.1-147.8 0-184.8zM398.8 388c-7.8 19.6-22.9 34.7-42.6 42.6-29.5 11.7-99.5 9-132.1 9s-102.7 2.6-132.1-9c-19.6-7.8-34.7-22.9-42.6-42.6-11.7-29.5-9-99.5-9-132.1s-2.6-102.7 9-132.1c7.8-19.6 22.9-34.7 42.6-42.6 29.5-11.7 99.5-9 132.1-9s102.7-2.6 132.1 9c19.6 7.8 34.7 22.9 42.6 42.6 11.7 29.5 9 99.5 9 132.1s2.7 102.7-9 132.1z\"><\/path><\/svg>\t\t\t\t\t<\/a>\n\t\t\t\t<\/span>\n\t\t\t\t\t\t\t<span class=\"elementor-grid-item\">\n\t\t\t\t\t<a class=\"elementor-icon elementor-social-icon elementor-social-icon-linkedin elementor-repeater-item-c1ccef5\" href=\"https:\/\/www.linkedin.com\/company\/weaversfrance\/\" target=\"_blank\">\n\t\t\t\t\t\t<span class=\"elementor-screen-only\">Linkedin<\/span>\n\t\t\t\t\t\t<svg class=\"e-font-icon-svg e-fab-linkedin\" viewBox=\"0 0 448 512\" xmlns=\"http:\/\/www.w3.org\/2000\/svg\"><path d=\"M416 32H31.9C14.3 32 0 46.5 0 64.3v383.4C0 465.5 14.3 480 31.9 480H416c17.6 0 32-14.5 32-32.3V64.3c0-17.8-14.4-32.3-32-32.3zM135.4 416H69V202.2h66.5V416zm-33.2-243c-21.3 0-38.5-17.3-38.5-38.5S80.9 96 102.2 96c21.2 0 38.5 17.3 38.5 38.5 0 21.3-17.2 38.5-38.5 38.5zm282.1 243h-66.4V312c0-24.8-.5-56.7-34.5-56.7-34.6 0-39.9 27-39.9 54.9V416h-66.4V202.2h63.7v29.2h.9c8.9-16.8 30.6-34.5 62.9-34.5 67.2 0 79.7 44.3 79.7 101.9V416z\"><\/path><\/svg>\t\t\t\t\t<\/a>\n\t\t\t\t<\/span>\n\t\t\t\t\t<\/div>\n\t\t\t\t\t\t<\/div>\n\t\t\t\t<\/div>\n\t\t\t\t<\/div>\n\t\t<div class=\"elementor-element elementor-element-21e3f1ca e-con-full e-flex wpr-particle-no wpr-jarallax-no wpr-parallax-no wpr-sticky-section-no e-con e-child\" data-id=\"21e3f1ca\" data-element_type=\"container\">\n\t\t\t\t<div class=\"elementor-element elementor-element-68cd5f7c elementor-hidden-mobile eael_simple_menu_hamburger_disable_selected_menu_no eael-simple-menu-hamburger-align-right eael-hamburger--tablet elementor-widget elementor-widget-eael-simple-menu\" data-id=\"68cd5f7c\" data-element_type=\"widget\" data-widget_type=\"eael-simple-menu.default\">\n\t\t\t\t<div class=\"elementor-widget-container\">\n\t\t\t\t\t<style>\n                        @media screen and (max-width: 1024px) {\n                            .eael-hamburger--tablet {\n                                .eael-simple-menu-horizontal,\n                                .eael-simple-menu-vertical {\n                                    display: none;\n                                }\n                            }\n                            .eael-hamburger--tablet {\n                                .eael-simple-menu-container .eael-simple-menu-toggle {\n                                    display: block;\n                                }\n                            }\n                        }\n                    <\/style>            <div data-hamburger-icon=\"&lt;svg aria-hidden=&quot;true&quot; class=&quot;e-font-icon-svg e-fas-bars&quot; viewBox=&quot;0 0 448 512&quot; xmlns=&quot;http:\/\/www.w3.org\/2000\/svg&quot;&gt;&lt;path d=&quot;M16 132h416c8.837 0 16-7.163 16-16V76c0-8.837-7.163-16-16-16H16C7.163 60 0 67.163 0 76v40c0 8.837 7.163 16 16 16zm0 160h416c8.837 0 16-7.163 16-16v-40c0-8.837-7.163-16-16-16H16c-8.837 0-16 7.163-16 16v40c0 8.837 7.163 16 16 16zm0 160h416c8.837 0 16-7.163 16-16v-40c0-8.837-7.163-16-16-16H16c-8.837 0-16 7.163-16 16v40c0 8.837 7.163 16 16 16z&quot;&gt;&lt;\/path&gt;&lt;\/svg&gt;\" data-indicator-icon=\"&lt;svg aria-hidden=&quot;true&quot; class=&quot;e-font-icon-svg e-fas-angle-down&quot; viewBox=&quot;0 0 320 512&quot; xmlns=&quot;http:\/\/www.w3.org\/2000\/svg&quot;&gt;&lt;path d=&quot;M143 352.3L7 216.3c-9.4-9.4-9.4-24.6 0-33.9l22.6-22.6c9.4-9.4 24.6-9.4 33.9 0l96.4 96.4 96.4-96.4c9.4-9.4 24.6-9.4 33.9 0l22.6 22.6c9.4 9.4 9.4 24.6 0 33.9l-136 136c-9.2 9.4-24.4 9.4-33.8 0z&quot;&gt;&lt;\/path&gt;&lt;\/svg&gt;\" data-dropdown-indicator-icon=\"&lt;svg class=&quot;e-font-icon-svg e-fas-angle-down&quot; viewBox=&quot;0 0 320 512&quot; xmlns=&quot;http:\/\/www.w3.org\/2000\/svg&quot;&gt;&lt;path d=&quot;M143 352.3L7 216.3c-9.4-9.4-9.4-24.6 0-33.9l22.6-22.6c9.4-9.4 24.6-9.4 33.9 0l96.4 96.4 96.4-96.4c9.4-9.4 24.6-9.4 33.9 0l22.6 22.6c9.4 9.4 9.4 24.6 0 33.9l-136 136c-9.2 9.4-24.4 9.4-33.8 0z&quot;&gt;&lt;\/path&gt;&lt;\/svg&gt;\" class=\"eael-simple-menu-container eael-simple-menu-align-left eael-simple-menu-dropdown-align-left preset-1\" data-hamburger-breakpoints=\"{&quot;mobile&quot;:&quot;Mobile Portrait (&gt; 767px)&quot;,&quot;tablet&quot;:&quot;Tablet Portrait (&gt; 1024px)&quot;,&quot;desktop&quot;:&quot;Desktop (&gt; 2400px)&quot;,&quot;none&quot;:&quot;None&quot;}\" data-hamburger-device=\"tablet\">\n                <ul id=\"menu-les-residents\" class=\"eael-simple-menu eael-simple-menu-dropdown-animate-to-top eael-simple-menu-indicator eael-simple-menu-vertical\"><li id=\"menu-item-556\" class=\"menu-item menu-item-type-post_type menu-item-object-page menu-item-has-children menu-item-556\"><a href=\"https:\/\/la-correspondance.fr\/index.php\/les-residents\/\">Les r\u00e9sident.es<\/a>\n<ul class=\"sub-menu\">\n\t<li id=\"menu-item-551\" class=\"menu-item menu-item-type-taxonomy menu-item-object-category menu-item-has-children menu-item-551\"><a href=\"https:\/\/la-correspondance.fr\/index.php\/category\/presentation-des-residents\/culture-et-art\/\">Culture et Art<\/a>\n\t<ul class=\"sub-menu\">\n\t\t<li id=\"menu-item-914\" class=\"menu-item menu-item-type-post_type menu-item-object-page menu-item-914\"><a href=\"https:\/\/la-correspondance.fr\/index.php\/collectif-cnous\/\">Collectif C\u2019Nous<\/a><\/li>\n\t\t<li id=\"menu-item-555\" class=\"menu-item menu-item-type-post_type menu-item-object-page menu-item-555\"><a href=\"https:\/\/la-correspondance.fr\/index.php\/cie-craque-ta-coquille\/\">Cie CTC<\/a><\/li>\n\t\t<li id=\"menu-item-1580\" class=\"menu-item menu-item-type-post_type menu-item-object-page menu-item-1580\"><a href=\"https:\/\/la-correspondance.fr\/index.php\/cie-institout\/\">Cie Institout<\/a><\/li>\n\t\t<li id=\"menu-item-1963\" class=\"menu-item menu-item-type-post_type menu-item-object-page menu-item-1963\"><a href=\"https:\/\/la-correspondance.fr\/index.php\/jadanah\/\">Jadanah<\/a><\/li>\n\t\t<li id=\"menu-item-1582\" class=\"menu-item menu-item-type-post_type menu-item-object-page menu-item-1582\"><a href=\"https:\/\/la-correspondance.fr\/index.php\/el-sombra-del-arte\/\">El Sombra del Arte<\/a><\/li>\n\t\t<li id=\"menu-item-547\" class=\"menu-item menu-item-type-post_type menu-item-object-page menu-item-547\"><a href=\"https:\/\/la-correspondance.fr\/index.php\/comptoirdesarts\/\">Le Comptoir des Arts<\/a><\/li>\n\t\t<li id=\"menu-item-913\" class=\"menu-item menu-item-type-post_type menu-item-object-page menu-item-913\"><a href=\"https:\/\/la-correspondance.fr\/index.php\/mixarts-2\/\">Mix\u2019Arts<\/a><\/li>\n\t\t<li id=\"menu-item-912\" class=\"menu-item menu-item-type-post_type menu-item-object-page menu-item-912\"><a href=\"https:\/\/la-correspondance.fr\/index.php\/retour-de-scene\/\">Retour de Sc\u00e8ne<\/a><\/li>\n\t<\/ul>\n<\/li>\n\t<li id=\"menu-item-553\" class=\"menu-item menu-item-type-taxonomy menu-item-object-category menu-item-has-children menu-item-553\"><a href=\"https:\/\/la-correspondance.fr\/index.php\/category\/presentation-des-residents\/lien-social\/\">Lien Social et Transition Ecologique<\/a>\n\t<ul class=\"sub-menu\">\n\t\t<li id=\"menu-item-548\" class=\"menu-item menu-item-type-post_type menu-item-object-page menu-item-548\"><a href=\"https:\/\/la-correspondance.fr\/index.php\/cimme\/\">CIMME<\/a><\/li>\n\t\t<li id=\"menu-item-1043\" class=\"menu-item menu-item-type-post_type menu-item-object-page menu-item-1043\"><a href=\"https:\/\/la-correspondance.fr\/index.php\/gaia-grenoble-alpes-initiative-active\/\">GA\u00cfA (Grenoble Alpes Initiative Active)<\/a><\/li>\n\t\t<li id=\"menu-item-1042\" class=\"menu-item menu-item-type-post_type menu-item-object-page menu-item-1042\"><a href=\"https:\/\/la-correspondance.fr\/index.php\/la-madre-apmag\/\">La Madre<\/a><\/li>\n\t\t<li id=\"menu-item-1485\" class=\"menu-item menu-item-type-post_type menu-item-object-page menu-item-1485\"><a href=\"https:\/\/la-correspondance.fr\/index.php\/petits-freres-des-pauvres\/\">Petits Fr\u00e8res des Pauvres<\/a><\/li>\n\t\t<li id=\"menu-item-1040\" class=\"menu-item menu-item-type-post_type menu-item-object-page menu-item-1040\"><a href=\"https:\/\/la-correspondance.fr\/index.php\/sicklo-2\/\">Sicklo<\/a><\/li>\n\t\t<li id=\"menu-item-546\" class=\"menu-item menu-item-type-post_type menu-item-object-page menu-item-546\"><a href=\"https:\/\/la-correspondance.fr\/index.php\/weavers\/\">Weavers<\/a><\/li>\n\t<\/ul>\n<\/li>\n\t<li id=\"menu-item-554\" class=\"menu-item menu-item-type-taxonomy menu-item-object-category menu-item-has-children menu-item-554\"><a href=\"https:\/\/la-correspondance.fr\/index.php\/category\/presentation-des-residents\/sport-et-sante\/\">Sport et Sant\u00e9<\/a>\n\t<ul class=\"sub-menu\">\n\t\t<li id=\"menu-item-911\" class=\"menu-item menu-item-type-post_type menu-item-object-page menu-item-911\"><a href=\"https:\/\/la-correspondance.fr\/index.php\/big-bang-ballers-2\/\">Big Bang Ballers<\/a><\/li>\n\t<\/ul>\n<\/li>\n\t<li id=\"menu-item-552\" class=\"menu-item menu-item-type-taxonomy menu-item-object-category menu-item-has-children menu-item-552\"><a href=\"https:\/\/la-correspondance.fr\/index.php\/category\/presentation-des-residents\/food\/\">Boire et Manger<\/a>\n\t<ul class=\"sub-menu\">\n\t\t<li id=\"menu-item-743\" class=\"menu-item menu-item-type-post_type menu-item-object-page menu-item-743\"><a href=\"https:\/\/la-correspondance.fr\/index.php\/aubonsensdesmets\/\">Au Bon Sens des Mets<\/a><\/li>\n\t\t<li id=\"menu-item-1039\" class=\"menu-item menu-item-type-post_type menu-item-object-page menu-item-1039\"><a href=\"https:\/\/la-correspondance.fr\/index.php\/lelefan\/\">L\u2019\u00c9l\u00e9f\u00e0n<\/a><\/li>\n\t\t<li id=\"menu-item-1038\" class=\"menu-item menu-item-type-post_type menu-item-object-page menu-item-1038\"><a href=\"https:\/\/la-correspondance.fr\/index.php\/le-bivouak-cafe\/\">Le Bivouak Caf\u00e9<\/a><\/li>\n\t<\/ul>\n<\/li>\n<\/ul>\n<\/li>\n<\/ul>                <button class=\"eael-simple-menu-toggle\">\n                    <span class=\"sr-only \">Hamburger Toggle Menu<\/span>\n                    <svg aria-hidden=\"true\" class=\"e-font-icon-svg e-fas-bars\" viewBox=\"0 0 448 512\" xmlns=\"http:\/\/www.w3.org\/2000\/svg\"><path d=\"M16 132h416c8.837 0 16-7.163 16-16V76c0-8.837-7.163-16-16-16H16C7.163 60 0 67.163 0 76v40c0 8.837 7.163 16 16 16zm0 160h416c8.837 0 16-7.163 16-16v-40c0-8.837-7.163-16-16-16H16c-8.837 0-16 7.163-16 16v40c0 8.837 7.163 16 16 16zm0 160h416c8.837 0 16-7.163 16-16v-40c0-8.837-7.163-16-16-16H16c-8.837 0-16 7.163-16 16v40c0 8.837 7.163 16 16 16z\"><\/path><\/svg>                <\/button>\n            <\/div>\n            \t\t\t\t<\/div>\n\t\t\t\t<\/div>\n\t\t\t\t<\/div>\n\t\t\t\t<\/div>\n\t\t\t\t<\/div>\n\t\t","protected":false},"excerpt":{"rendered":"<p>Weavers forme et accompagne des personnes exil\u00e9es vers l&#8217;emploi. En plus du d\u00e9racinement qu\u2019elles vivent, les personnes exil\u00e9es subissent l\u2019isolement, le manque de lien avec les personnes locales et le d\u00e9classement professionnel. Et alors que des secteurs peinent \u00e0 recruter, un grand nombre de personnes exil\u00e9es ont les talents n\u00e9cessaires pour r\u00e9pondre \u00e0 ce besoin. C\u2019est pourquoi Weavers facilite la formation et le recrutement des personnes exil\u00e9es, et sensibilise l&#8217;ensemble des parties prenantes qui ont un r\u00f4le \u00e0 jouer (entreprises, recruteur.se.s, professionnel.le.s de l&#8217;accompagnement)&#8230; pour avoir un r\u00e9el impact sur le syst\u00e8me d&#8217;accueil et d&#8217;int\u00e9gration fran\u00e7ais. \ud83d\udccdRetrouvez les au deuxi\u00e8me \u00e9tage du b\u00e2timent A. site internet Instagram Linkedin Les r\u00e9sidents Culture et Art Cie Craque ta Coquille le Comptoir des arts Vilain Lien Social CIMME Weavers Sport et Sant\u00e9 La Plage de Grenoble \/ AD2S Food Au Bon Sens des Mets<\/p>\n","protected":false},"author":1,"featured_media":0,"parent":0,"menu_order":0,"comment_status":"closed","ping_status":"closed","template":"","meta":{"_eb_attr":"","footnotes":""},"class_list":["post-376","page","type-page","status-publish","hentry"],"blocksy_meta":[],"_links":{"self":[{"href":"https:\/\/la-correspondance.fr\/index.php\/wp-json\/wp\/v2\/pages\/376","targetHints":{"allow":["GET"]}}],"collection":[{"href":"https:\/\/la-correspondance.fr\/index.php\/wp-json\/wp\/v2\/pages"}],"about":[{"href":"https:\/\/la-correspondance.fr\/index.php\/wp-json\/wp\/v2\/types\/page"}],"author":[{"embeddable":true,"href":"https:\/\/la-correspondance.fr\/index.php\/wp-json\/wp\/v2\/users\/1"}],"replies":[{"embeddable":true,"href":"https:\/\/la-correspondance.fr\/index.php\/wp-json\/wp\/v2\/comments?post=376"}],"version-history":[{"count":28,"href":"https:\/\/la-correspondance.fr\/index.php\/wp-json\/wp\/v2\/pages\/376\/revisions"}],"predecessor-version":[{"id":860,"href":"https:\/\/la-correspondance.fr\/index.php\/wp-json\/wp\/v2\/pages\/376\/revisions\/860"}],"wp:attachment":[{"href":"https:\/\/la-correspondance.fr\/index.php\/wp-json\/wp\/v2\/media?parent=376"}],"curies":[{"name":"wp","href":"https:\/\/api.w.org\/{rel}","templated":true}]}}