{"id":657,"date":"2024-01-25T09:52:13","date_gmt":"2024-01-25T08:52:13","guid":{"rendered":"https:\/\/la-correspondance.fr\/?page_id=657"},"modified":"2024-01-25T15:16:07","modified_gmt":"2024-01-25T14:16:07","slug":"aubonsensdesmets","status":"publish","type":"page","link":"https:\/\/la-correspondance.fr\/index.php\/aubonsensdesmets\/","title":{"rendered":"Au Bon Sens des Mets"},"content":{"rendered":"\t\t<div data-elementor-type=\"wp-page\" data-elementor-id=\"657\" class=\"elementor elementor-657\">\n\t\t\t\t<div class=\"elementor-element elementor-element-e01c1d4 e-flex e-con-boxed wpr-particle-no wpr-jarallax-no wpr-parallax-no wpr-sticky-section-no e-con e-parent\" data-id=\"e01c1d4\" data-element_type=\"container\">\n\t\t\t\t\t<div class=\"e-con-inner\">\n\t\t\t\t<div class=\"elementor-element elementor-element-5f0f4ed elementor-widget elementor-widget-image\" data-id=\"5f0f4ed\" data-element_type=\"widget\" data-widget_type=\"image.default\">\n\t\t\t\t<div class=\"elementor-widget-container\">\n\t\t\t\t\t\t\t\t\t\t\t\t\t\t\t<img fetchpriority=\"high\" decoding=\"async\" width=\"1024\" height=\"683\" src=\"https:\/\/la-correspondance.fr\/wp-content\/uploads\/2024\/01\/Au-Bonsens-des-Metds-1-1024x683.jpg\" class=\"attachment-large size-large wp-image-181\" alt=\"traiteur \u00e9quipe bon sens des mets\" srcset=\"https:\/\/la-correspondance.fr\/wp-content\/uploads\/2024\/01\/Au-Bonsens-des-Metds-1-1024x683.jpg 1024w, https:\/\/la-correspondance.fr\/wp-content\/uploads\/2024\/01\/Au-Bonsens-des-Metds-1-300x200.jpg 300w, https:\/\/la-correspondance.fr\/wp-content\/uploads\/2024\/01\/Au-Bonsens-des-Metds-1-768x512.jpg 768w, https:\/\/la-correspondance.fr\/wp-content\/uploads\/2024\/01\/Au-Bonsens-des-Metds-1.jpg 1200w\" sizes=\"(max-width: 1024px) 100vw, 1024px\" \/>\t\t\t\t\t\t\t\t\t\t\t\t\t\t\t<\/div>\n\t\t\t\t<\/div>\n\t\t\t\t\t<\/div>\n\t\t\t\t<\/div>\n\t\t<div class=\"elementor-element elementor-element-7cb0d9e e-flex e-con-boxed wpr-particle-no wpr-jarallax-no wpr-parallax-no wpr-sticky-section-no e-con e-parent\" data-id=\"7cb0d9e\" data-element_type=\"container\">\n\t\t\t\t\t<div class=\"e-con-inner\">\n\t\t\t\t<div class=\"elementor-element elementor-element-05e9ae1 elementor-widget elementor-widget-text-editor\" data-id=\"05e9ae1\" data-element_type=\"widget\" data-widget_type=\"text-editor.default\">\n\t\t\t\t<div class=\"elementor-widget-container\">\n\t\t\t\t\t\t\t\t\t<p><span style=\"font-weight: 400;\">Depuis 2009, Au Bon Sens Des Mets concocte dans son laboratoire des repas bio &#038; locaux pour les cantines d\u2019entreprises ou le grand public, cuisin\u00e9s et servis dans la joie et la bonne humeur ! Au Bon Sens des Mets occupe les cuisines de la Caf\u00e9t\u00e9ria.<\/span><\/p>\t\t\t\t\t\t\t\t<\/div>\n\t\t\t\t<\/div>\n\t\t\t\t\t<\/div>\n\t\t\t\t<\/div>\n\t\t<div class=\"elementor-element elementor-element-75be250f e-flex e-con-boxed wpr-particle-no wpr-jarallax-no wpr-parallax-no wpr-sticky-section-no e-con e-parent\" data-id=\"75be250f\" data-element_type=\"container\">\n\t\t\t\t\t<div class=\"e-con-inner\">\n\t\t\t\t<div class=\"elementor-element elementor-element-184efb2a elementor-widget elementor-widget-text-editor\" data-id=\"184efb2a\" data-element_type=\"widget\" data-widget_type=\"text-editor.default\">\n\t\t\t\t<div class=\"elementor-widget-container\">\n\t\t\t\t\t\t\t\t\t<p><b>\ud83d\udccdRetrouvez les dans les cuisines du b\u00e2timent C et au premier \u00e9tage du b\u00e2timent A.<\/b><\/p>\t\t\t\t\t\t\t\t<\/div>\n\t\t\t\t<\/div>\n\t\t\t\t\t<\/div>\n\t\t\t\t<\/div>\n\t\t<div class=\"elementor-element elementor-element-62e7e4f8 e-con-full e-flex wpr-particle-no wpr-jarallax-no wpr-parallax-no wpr-sticky-section-no e-con e-parent\" data-id=\"62e7e4f8\" data-element_type=\"container\">\n\t\t<div class=\"elementor-element elementor-element-6c23f5a e-con-full e-flex wpr-particle-no wpr-jarallax-no wpr-parallax-no wpr-sticky-section-no e-con e-child\" data-id=\"6c23f5a\" data-element_type=\"container\">\n\t\t\t\t<div class=\"elementor-element elementor-element-2617ae0 elementor-mobile-align-center elementor-widget elementor-widget-button\" data-id=\"2617ae0\" data-element_type=\"widget\" data-widget_type=\"button.default\">\n\t\t\t\t<div class=\"elementor-widget-container\">\n\t\t\t\t\t\t\t\t\t<div class=\"elementor-button-wrapper\">\n\t\t\t\t\t<a class=\"elementor-button elementor-button-link elementor-size-sm\" href=\"https:\/\/www.grenoble.bonsensdesmets.fr\/\" target=\"_blank\">\n\t\t\t\t\t\t<span class=\"elementor-button-content-wrapper\">\n\t\t\t\t\t\t\t\t\t<span class=\"elementor-button-text\">site internet<\/span>\n\t\t\t\t\t<\/span>\n\t\t\t\t\t<\/a>\n\t\t\t\t<\/div>\n\t\t\t\t\t\t\t\t<\/div>\n\t\t\t\t<\/div>\n\t\t\t\t<\/div>\n\t\t<div class=\"elementor-element elementor-element-68733823 e-con-full e-flex wpr-particle-no wpr-jarallax-no wpr-parallax-no wpr-sticky-section-no e-con e-child\" data-id=\"68733823\" data-element_type=\"container\">\n\t\t\t\t<\/div>\n\t\t<div class=\"elementor-element elementor-element-21e3f1ca e-con-full e-flex wpr-particle-no wpr-jarallax-no wpr-parallax-no wpr-sticky-section-no e-con e-child\" data-id=\"21e3f1ca\" data-element_type=\"container\">\n\t\t\t\t<div class=\"elementor-element elementor-element-68cd5f7c elementor-hidden-mobile eael_simple_menu_hamburger_disable_selected_menu_no eael-simple-menu-hamburger-align-right eael-hamburger--tablet elementor-widget elementor-widget-eael-simple-menu\" data-id=\"68cd5f7c\" data-element_type=\"widget\" data-widget_type=\"eael-simple-menu.default\">\n\t\t\t\t<div class=\"elementor-widget-container\">\n\t\t\t\t\t<style>\n                        @media screen and (max-width: 1024px) {\n                            .eael-hamburger--tablet {\n                                .eael-simple-menu-horizontal,\n                                .eael-simple-menu-vertical {\n                                    display: none;\n                                }\n                            }\n                            .eael-hamburger--tablet {\n                                .eael-simple-menu-container .eael-simple-menu-toggle {\n                                    display: block;\n                                }\n                            }\n                        }\n                    <\/style>            <div data-hamburger-icon=\"&lt;svg aria-hidden=&quot;true&quot; class=&quot;e-font-icon-svg e-fas-bars&quot; viewBox=&quot;0 0 448 512&quot; xmlns=&quot;http:\/\/www.w3.org\/2000\/svg&quot;&gt;&lt;path d=&quot;M16 132h416c8.837 0 16-7.163 16-16V76c0-8.837-7.163-16-16-16H16C7.163 60 0 67.163 0 76v40c0 8.837 7.163 16 16 16zm0 160h416c8.837 0 16-7.163 16-16v-40c0-8.837-7.163-16-16-16H16c-8.837 0-16 7.163-16 16v40c0 8.837 7.163 16 16 16zm0 160h416c8.837 0 16-7.163 16-16v-40c0-8.837-7.163-16-16-16H16c-8.837 0-16 7.163-16 16v40c0 8.837 7.163 16 16 16z&quot;&gt;&lt;\/path&gt;&lt;\/svg&gt;\" data-indicator-icon=\"&lt;svg aria-hidden=&quot;true&quot; class=&quot;e-font-icon-svg e-fas-angle-down&quot; viewBox=&quot;0 0 320 512&quot; xmlns=&quot;http:\/\/www.w3.org\/2000\/svg&quot;&gt;&lt;path d=&quot;M143 352.3L7 216.3c-9.4-9.4-9.4-24.6 0-33.9l22.6-22.6c9.4-9.4 24.6-9.4 33.9 0l96.4 96.4 96.4-96.4c9.4-9.4 24.6-9.4 33.9 0l22.6 22.6c9.4 9.4 9.4 24.6 0 33.9l-136 136c-9.2 9.4-24.4 9.4-33.8 0z&quot;&gt;&lt;\/path&gt;&lt;\/svg&gt;\" data-dropdown-indicator-icon=\"&lt;svg class=&quot;e-font-icon-svg e-fas-angle-down&quot; viewBox=&quot;0 0 320 512&quot; xmlns=&quot;http:\/\/www.w3.org\/2000\/svg&quot;&gt;&lt;path d=&quot;M143 352.3L7 216.3c-9.4-9.4-9.4-24.6 0-33.9l22.6-22.6c9.4-9.4 24.6-9.4 33.9 0l96.4 96.4 96.4-96.4c9.4-9.4 24.6-9.4 33.9 0l22.6 22.6c9.4 9.4 9.4 24.6 0 33.9l-136 136c-9.2 9.4-24.4 9.4-33.8 0z&quot;&gt;&lt;\/path&gt;&lt;\/svg&gt;\" class=\"eael-simple-menu-container eael-simple-menu-align-left eael-simple-menu-dropdown-align-left preset-1\" data-hamburger-breakpoints=\"{&quot;mobile&quot;:&quot;Mobile Portrait (&gt; 767px)&quot;,&quot;tablet&quot;:&quot;Tablet Portrait (&gt; 1024px)&quot;,&quot;desktop&quot;:&quot;Desktop (&gt; 2400px)&quot;,&quot;none&quot;:&quot;None&quot;}\" data-hamburger-device=\"tablet\">\n                <ul id=\"menu-les-residents\" class=\"eael-simple-menu eael-simple-menu-dropdown-animate-to-top eael-simple-menu-indicator eael-simple-menu-vertical\"><li id=\"menu-item-556\" class=\"menu-item menu-item-type-post_type menu-item-object-page menu-item-has-children menu-item-556\"><a href=\"https:\/\/la-correspondance.fr\/index.php\/les-residents\/\">Les r\u00e9sident.es<\/a>\n<ul class=\"sub-menu\">\n\t<li id=\"menu-item-551\" class=\"menu-item menu-item-type-taxonomy menu-item-object-category menu-item-has-children menu-item-551\"><a href=\"https:\/\/la-correspondance.fr\/index.php\/category\/presentation-des-residents\/culture-et-art\/\">Culture et Art<\/a>\n\t<ul class=\"sub-menu\">\n\t\t<li id=\"menu-item-914\" class=\"menu-item menu-item-type-post_type menu-item-object-page menu-item-914\"><a href=\"https:\/\/la-correspondance.fr\/index.php\/collectif-cnous\/\">Collectif C\u2019Nous<\/a><\/li>\n\t\t<li id=\"menu-item-555\" class=\"menu-item menu-item-type-post_type menu-item-object-page menu-item-555\"><a href=\"https:\/\/la-correspondance.fr\/index.php\/cie-craque-ta-coquille\/\">Cie CTC<\/a><\/li>\n\t\t<li id=\"menu-item-1580\" class=\"menu-item menu-item-type-post_type menu-item-object-page menu-item-1580\"><a href=\"https:\/\/la-correspondance.fr\/index.php\/cie-institout\/\">Cie Institout<\/a><\/li>\n\t\t<li id=\"menu-item-1963\" class=\"menu-item menu-item-type-post_type menu-item-object-page menu-item-1963\"><a href=\"https:\/\/la-correspondance.fr\/index.php\/jadanah\/\">Jadanah<\/a><\/li>\n\t\t<li id=\"menu-item-1582\" class=\"menu-item menu-item-type-post_type menu-item-object-page menu-item-1582\"><a href=\"https:\/\/la-correspondance.fr\/index.php\/el-sombra-del-arte\/\">El Sombra del Arte<\/a><\/li>\n\t\t<li id=\"menu-item-547\" class=\"menu-item menu-item-type-post_type menu-item-object-page menu-item-547\"><a href=\"https:\/\/la-correspondance.fr\/index.php\/comptoirdesarts\/\">Le Comptoir des Arts<\/a><\/li>\n\t\t<li id=\"menu-item-913\" class=\"menu-item menu-item-type-post_type menu-item-object-page menu-item-913\"><a href=\"https:\/\/la-correspondance.fr\/index.php\/mixarts-2\/\">Mix\u2019Arts<\/a><\/li>\n\t\t<li id=\"menu-item-912\" class=\"menu-item menu-item-type-post_type menu-item-object-page menu-item-912\"><a href=\"https:\/\/la-correspondance.fr\/index.php\/retour-de-scene\/\">Retour de Sc\u00e8ne<\/a><\/li>\n\t<\/ul>\n<\/li>\n\t<li id=\"menu-item-553\" class=\"menu-item menu-item-type-taxonomy menu-item-object-category menu-item-has-children menu-item-553\"><a href=\"https:\/\/la-correspondance.fr\/index.php\/category\/presentation-des-residents\/lien-social\/\">Lien Social et Transition Ecologique<\/a>\n\t<ul class=\"sub-menu\">\n\t\t<li id=\"menu-item-548\" class=\"menu-item menu-item-type-post_type menu-item-object-page menu-item-548\"><a href=\"https:\/\/la-correspondance.fr\/index.php\/cimme\/\">CIMME<\/a><\/li>\n\t\t<li id=\"menu-item-1043\" class=\"menu-item menu-item-type-post_type menu-item-object-page menu-item-1043\"><a href=\"https:\/\/la-correspondance.fr\/index.php\/gaia-grenoble-alpes-initiative-active\/\">GA\u00cfA (Grenoble Alpes Initiative Active)<\/a><\/li>\n\t\t<li id=\"menu-item-1042\" class=\"menu-item menu-item-type-post_type menu-item-object-page menu-item-1042\"><a href=\"https:\/\/la-correspondance.fr\/index.php\/la-madre-apmag\/\">La Madre<\/a><\/li>\n\t\t<li id=\"menu-item-1485\" class=\"menu-item menu-item-type-post_type menu-item-object-page menu-item-1485\"><a href=\"https:\/\/la-correspondance.fr\/index.php\/petits-freres-des-pauvres\/\">Petits Fr\u00e8res des Pauvres<\/a><\/li>\n\t\t<li id=\"menu-item-1040\" class=\"menu-item menu-item-type-post_type menu-item-object-page menu-item-1040\"><a href=\"https:\/\/la-correspondance.fr\/index.php\/sicklo-2\/\">Sicklo<\/a><\/li>\n\t\t<li id=\"menu-item-546\" class=\"menu-item menu-item-type-post_type menu-item-object-page menu-item-546\"><a href=\"https:\/\/la-correspondance.fr\/index.php\/weavers\/\">Weavers<\/a><\/li>\n\t<\/ul>\n<\/li>\n\t<li id=\"menu-item-554\" class=\"menu-item menu-item-type-taxonomy menu-item-object-category menu-item-has-children menu-item-554\"><a href=\"https:\/\/la-correspondance.fr\/index.php\/category\/presentation-des-residents\/sport-et-sante\/\">Sport et Sant\u00e9<\/a>\n\t<ul class=\"sub-menu\">\n\t\t<li id=\"menu-item-911\" class=\"menu-item menu-item-type-post_type menu-item-object-page menu-item-911\"><a href=\"https:\/\/la-correspondance.fr\/index.php\/big-bang-ballers-2\/\">Big Bang Ballers<\/a><\/li>\n\t<\/ul>\n<\/li>\n\t<li id=\"menu-item-552\" class=\"menu-item menu-item-type-taxonomy menu-item-object-category menu-item-has-children menu-item-552\"><a href=\"https:\/\/la-correspondance.fr\/index.php\/category\/presentation-des-residents\/food\/\">Boire et Manger<\/a>\n\t<ul class=\"sub-menu\">\n\t\t<li id=\"menu-item-743\" class=\"menu-item menu-item-type-post_type menu-item-object-page menu-item-743\"><a href=\"https:\/\/la-correspondance.fr\/index.php\/aubonsensdesmets\/\">Au Bon Sens des Mets<\/a><\/li>\n\t\t<li id=\"menu-item-1039\" class=\"menu-item menu-item-type-post_type menu-item-object-page menu-item-1039\"><a href=\"https:\/\/la-correspondance.fr\/index.php\/lelefan\/\">L\u2019\u00c9l\u00e9f\u00e0n<\/a><\/li>\n\t\t<li id=\"menu-item-1038\" class=\"menu-item menu-item-type-post_type menu-item-object-page menu-item-1038\"><a href=\"https:\/\/la-correspondance.fr\/index.php\/le-bivouak-cafe\/\">Le Bivouak Caf\u00e9<\/a><\/li>\n\t<\/ul>\n<\/li>\n<\/ul>\n<\/li>\n<\/ul>                <button class=\"eael-simple-menu-toggle\">\n                    <span class=\"sr-only \">Hamburger Toggle Menu<\/span>\n                    <svg aria-hidden=\"true\" class=\"e-font-icon-svg e-fas-bars\" viewBox=\"0 0 448 512\" xmlns=\"http:\/\/www.w3.org\/2000\/svg\"><path d=\"M16 132h416c8.837 0 16-7.163 16-16V76c0-8.837-7.163-16-16-16H16C7.163 60 0 67.163 0 76v40c0 8.837 7.163 16 16 16zm0 160h416c8.837 0 16-7.163 16-16v-40c0-8.837-7.163-16-16-16H16c-8.837 0-16 7.163-16 16v40c0 8.837 7.163 16 16 16zm0 160h416c8.837 0 16-7.163 16-16v-40c0-8.837-7.163-16-16-16H16c-8.837 0-16 7.163-16 16v40c0 8.837 7.163 16 16 16z\"><\/path><\/svg>                <\/button>\n            <\/div>\n            \t\t\t\t<\/div>\n\t\t\t\t<\/div>\n\t\t\t\t<\/div>\n\t\t\t\t<\/div>\n\t\t\t\t<\/div>\n\t\t","protected":false},"excerpt":{"rendered":"<p>Depuis 2009, Au Bon Sens Des Mets concocte dans son laboratoire des repas bio &#038; locaux pour les cantines d\u2019entreprises ou le grand public, cuisin\u00e9s et servis dans la joie et la bonne humeur ! Au Bon Sens des Mets occupe les cuisines de la Caf\u00e9t\u00e9ria. \ud83d\udccdRetrouvez les dans les cuisines du b\u00e2timent C et au premier \u00e9tage du b\u00e2timent A. site internet Les r\u00e9sidents Culture et Art Cie Craque ta Coquille le Comptoir des arts Vilain Lien Social CIMME Weavers Sport et Sant\u00e9 La Plage de Grenoble \/ AD2S Food Au Bon Sens des Mets<\/p>\n","protected":false},"author":1,"featured_media":0,"parent":0,"menu_order":0,"comment_status":"closed","ping_status":"closed","template":"","meta":{"_eb_attr":"","footnotes":""},"class_list":["post-657","page","type-page","status-publish","hentry"],"blocksy_meta":[],"_links":{"self":[{"href":"https:\/\/la-correspondance.fr\/index.php\/wp-json\/wp\/v2\/pages\/657","targetHints":{"allow":["GET"]}}],"collection":[{"href":"https:\/\/la-correspondance.fr\/index.php\/wp-json\/wp\/v2\/pages"}],"about":[{"href":"https:\/\/la-correspondance.fr\/index.php\/wp-json\/wp\/v2\/types\/page"}],"author":[{"embeddable":true,"href":"https:\/\/la-correspondance.fr\/index.php\/wp-json\/wp\/v2\/users\/1"}],"replies":[{"embeddable":true,"href":"https:\/\/la-correspondance.fr\/index.php\/wp-json\/wp\/v2\/comments?post=657"}],"version-history":[{"count":13,"href":"https:\/\/la-correspondance.fr\/index.php\/wp-json\/wp\/v2\/pages\/657\/revisions"}],"predecessor-version":[{"id":868,"href":"https:\/\/la-correspondance.fr\/index.php\/wp-json\/wp\/v2\/pages\/657\/revisions\/868"}],"wp:attachment":[{"href":"https:\/\/la-correspondance.fr\/index.php\/wp-json\/wp\/v2\/media?parent=657"}],"curies":[{"name":"wp","href":"https:\/\/api.w.org\/{rel}","templated":true}]}}